{"id":3462,"date":"2022-06-14T15:59:32","date_gmt":"2022-06-14T15:59:32","guid":{"rendered":"https:\/\/animatarot.com\/?page_id=3462"},"modified":"2023-02-22T17:02:44","modified_gmt":"2023-02-22T17:02:44","slug":"politique-de-confidentialite","status":"publish","type":"page","link":"https:\/\/animatarot.com\/fr\/politique-de-confidentialite\/","title":{"rendered":"Politique de confidentialit\u00e9"},"content":{"rendered":"<p>La pr\u00e9sente politique de confidentialit\u00e9 a pour but de vous informer, en tant que visiteur, utilisateur ou lecteur du site <strong>Revista AnimaTarot.<\/strong>, sur la mani\u00e8re dont nous traitons vos informations personnelles et sur les diff\u00e9rents choix dont vous disposez concernant l&rsquo;utilisation de vos informations personnelles.<\/p>\n<p>De temps \u00e0 autre, nous pouvons modifier cette politique afin d&rsquo;inclure de nouveaux sujets et de refl\u00e9ter les changements apport\u00e9s \u00e0 notre site, aux technologies que nous utilisons et qui peuvent affecter la fa\u00e7on dont nous traitons vos informations, ou notre attitude envers l&rsquo;utilisation des informations que nous recueillons. Nous pouvons ajouter de tels changements \u00e0 cette politique de temps \u00e0 autre, au fur et \u00e0 mesure qu&rsquo;ils se produisent, de sorte que vous aurez toujours acc\u00e8s \u00e0 des informations sur les informations que nous recueillons, l&rsquo;utilisation que nous en faisons et notre capacit\u00e9 \u00e0 divulguer ou \u00e0 transf\u00e9rer ces informations \u00e0 des tiers, le cas \u00e9ch\u00e9ant.<\/p>\n<p>Cette politique s&rsquo;applique \u00e0 tous les sites d\u00e9tenus et\/ou exploit\u00e9s par <strong>Revista AnimaTarot.<\/strong> et\/ou les soci\u00e9t\u00e9s li\u00e9es et tout autre site que nous pourrions d\u00e9tenir ou exploiter maintenant ou \u00e0 l&rsquo;avenir. Cette politique ne s&rsquo;applique pas dans le cas o\u00f9 vous acc\u00e9dez \u00e0 des sites autres que les sites de <strong>Revista AnimaTarot.<\/strong>, y compris lorsque ces sites sont li\u00e9s aux sites de <strong>Revista AnimaTarot.<\/strong> par des liens ou tout autre lien.<\/p>\n<div id=\"ez-toc-container\" class=\"ez-toc-v2_0_82_1 counter-hierarchy ez-toc-counter ez-toc-light-blue ez-toc-container-direction\">\n<div class=\"ez-toc-title-container\">\n<p class=\"ez-toc-title\" style=\"cursor:inherit\">Indice de contenido<\/p>\n<span class=\"ez-toc-title-toggle\"><a href=\"#\" class=\"ez-toc-pull-right ez-toc-btn ez-toc-btn-xs ez-toc-btn-default ez-toc-toggle\" aria-label=\"Toggle Table of Content\"><span class=\"ez-toc-js-icon-con\"><span class=\"\"><span class=\"eztoc-hide\" style=\"display:none;\">Toggle<\/span><span class=\"ez-toc-icon-toggle-span\"><svg style=\"fill: #999;color:#999\" xmlns=\"http:\/\/www.w3.org\/2000\/svg\" class=\"list-377408\" width=\"20px\" height=\"20px\" viewBox=\"0 0 24 24\" fill=\"none\"><path d=\"M6 6H4v2h2V6zm14 0H8v2h12V6zM4 11h2v2H4v-2zm16 0H8v2h12v-2zM4 16h2v2H4v-2zm16 0H8v2h12v-2z\" fill=\"currentColor\"><\/path><\/svg><svg style=\"fill: #999;color:#999\" class=\"arrow-unsorted-368013\" xmlns=\"http:\/\/www.w3.org\/2000\/svg\" width=\"10px\" height=\"10px\" viewBox=\"0 0 24 24\" version=\"1.2\" baseProfile=\"tiny\"><path d=\"M18.2 9.3l-6.2-6.3-6.2 6.3c-.2.2-.3.4-.3.7s.1.5.3.7c.2.2.4.3.7.3h11c.3 0 .5-.1.7-.3.2-.2.3-.5.3-.7s-.1-.5-.3-.7zM5.8 14.7l6.2 6.3 6.2-6.3c.2-.2.3-.5.3-.7s-.1-.5-.3-.7c-.2-.2-.4-.3-.7-.3h-11c-.3 0-.5.1-.7.3-.2.2-.3.5-.3.7s.1.5.3.7z\"\/><\/svg><\/span><\/span><\/span><\/a><\/span><\/div>\n<nav><ul class='ez-toc-list ez-toc-list-level-1 ' ><li class='ez-toc-page-1 ez-toc-heading-level-3'><a class=\"ez-toc-link ez-toc-heading-1\" href=\"https:\/\/animatarot.com\/fr\/politique-de-confidentialite\/#DONNEES_PERSONNELLES\" >DONNEES PERSONNELLES<\/a><\/li><li class='ez-toc-page-1 ez-toc-heading-level-3'><a class=\"ez-toc-link ez-toc-heading-2\" href=\"https:\/\/animatarot.com\/fr\/politique-de-confidentialite\/#Protection_des_donnees_personnelles\" >Protection des donn\u00e9es personnelles<\/a><\/li><li class='ez-toc-page-1 ez-toc-heading-level-3'><a class=\"ez-toc-link ez-toc-heading-3\" href=\"https:\/\/animatarot.com\/fr\/politique-de-confidentialite\/#Politique_anti-spam\" >Politique anti-spam<\/a><\/li><li class='ez-toc-page-1 ez-toc-heading-level-3'><a class=\"ez-toc-link ez-toc-heading-4\" href=\"https:\/\/animatarot.com\/fr\/politique-de-confidentialite\/#Analytica\" >Analytica<\/a><\/li><li class='ez-toc-page-1 ez-toc-heading-level-3'><a class=\"ez-toc-link ez-toc-heading-5\" href=\"https:\/\/animatarot.com\/fr\/politique-de-confidentialite\/#Politique_publicitaire\" >Politique publicitaire<\/a><\/li><li class='ez-toc-page-1 ez-toc-heading-level-3'><a class=\"ez-toc-link ez-toc-heading-6\" href=\"https:\/\/animatarot.com\/fr\/politique-de-confidentialite\/#Droits_de_lutilisateur\" >Droits de l&rsquo;utilisateur<\/a><\/li><li class='ez-toc-page-1 ez-toc-heading-level-3'><a class=\"ez-toc-link ez-toc-heading-7\" href=\"https:\/\/animatarot.com\/fr\/politique-de-confidentialite\/#Propriete_intellectuelle_et_utilisation_des_contenus\" >Propri\u00e9t\u00e9 intellectuelle et utilisation des contenus<\/a><\/li><li class='ez-toc-page-1 ez-toc-heading-level-3'><a class=\"ez-toc-link ez-toc-heading-8\" href=\"https:\/\/animatarot.com\/fr\/politique-de-confidentialite\/#Liens_daffiliation\" >Liens d&rsquo;affiliation<\/a><\/li><li class='ez-toc-page-1 ez-toc-heading-level-3'><a class=\"ez-toc-link ez-toc-heading-9\" href=\"https:\/\/animatarot.com\/fr\/politique-de-confidentialite\/#JURIDICTION_ET_DROIT_APPLICABLE\" >JURIDICTION ET DROIT APPLICABLE<\/a><\/li><\/ul><\/nav><\/div>\n<h3><span class=\"ez-toc-section\" id=\"DONNEES_PERSONNELLES\"><\/span>DONNEES PERSONNELLES<span class=\"ez-toc-section-end\"><\/span><\/h3>\n<p>.<br \/>\nToutes les donn\u00e9es personnelles et les informations fournies par les utilisateurs ou les lecteurs lorsqu&rsquo;ils entrent sur le site <strong>Revista AnimaTarot.<\/strong>, que ce soit pour participer \u00e0 des promotions, des jeux, des \u00e9v\u00e9nements ou pour toute autre raison, sont prot\u00e9g\u00e9es et soumises aux termes et conditions de cette politique de confidentialit\u00e9.<\/p>\n<p>Les donn\u00e9es personnelles introduites volontairement par les utilisateurs et contenues dans les informations confidentielles sont utilis\u00e9es pour fournir \u00e0 l&rsquo;utilisateur un service et des contenus plus personnalis\u00e9s en fonction de ses besoins, de ses go\u00fbts et de ses int\u00e9r\u00eats, et le cas \u00e9ch\u00e9ant, lui proposer des publicit\u00e9s ou des contenus s\u00e9lectifs susceptibles de l&rsquo;int\u00e9resser davantage. <strong>Revista AnimaTarot.<\/strong> ne fournira ce service qu&rsquo;avec le consentement de l&rsquo;utilisateur.<\/p>\n<p>L&rsquo;enregistrement des donn\u00e9es donne \u00e0 l&rsquo;utilisateur la possibilit\u00e9 de choisir de continuer \u00e0 recevoir des informations de <strong>Revista AnimaTarot.<\/strong>. Gr\u00e2ce \u00e0 cette acceptation, les utilisateurs seront contact\u00e9s pour communiquer : des promotions, des \u00e9v\u00e9nements, de nouveaux jeux, et d&rsquo;autres nouvelles du site <strong>Revista AnimaTarot.<\/strong> en g\u00e9n\u00e9ral. Sur notre site, il peut vous \u00eatre demand\u00e9 des informations personnelles afin de faciliter votre utilisation ou votre participation \u00e0 nos concours, jeux, enqu\u00eates, forums, abonnements et \u00e0 toute autre activit\u00e9, service ou ressource que nous pouvons fournir sur tout site <strong>Revista AnimaTarot.<\/strong>. Dans tous les cas, nous ne pouvons collecter et stocker vos informations personnelles que si vous nous les fournissez volontairement.<\/p>\n<p>Bien que <strong>Revista AnimaTarot. <\/strong>ne garantit pas que les informations saisies sur son site ou transmises en utilisant son service sont 100% s\u00e9curis\u00e9es, vous le faites \u00e0 vos propres risques.<\/p>\n<h3><span class=\"ez-toc-section\" id=\"Protection_des_donnees_personnelles\"><\/span>Protection des donn\u00e9es personnelles<span class=\"ez-toc-section-end\"><\/span><\/h3>\n<p>Le prestataire se conforme \u00e0 la r\u00e9glementation internationale sur la protection des donn\u00e9es personnelles, et garantit le plein respect des obligations et assure l&rsquo;utilisation et le traitement corrects des donn\u00e9es personnelles de l&rsquo;utilisateur.<\/p>\n<p>Le titulaire des donn\u00e9es personnelles peut exercer les droits d&rsquo;acc\u00e8s, de rectification et\/ou de suppression de ses donn\u00e9es conform\u00e9ment aux dispositions de la loi 25.326 en envoyant un courriel dans le formulaire de contact. Le titulaire peut \u00e0 tout moment demander le retrait ou le blocage, total ou partiel, de son nom de la base de donn\u00e9es vis\u00e9e au pr\u00e9sent point. Le titulaire des donn\u00e9es personnelles a le droit d&rsquo;exercer gratuitement le droit d&rsquo;acc\u00e8s \u00e0 ces donn\u00e9es \u00e0 des intervalles non inf\u00e9rieurs \u00e0 six mois, sauf si un int\u00e9r\u00eat l\u00e9gitime \u00e0 cet effet est accr\u00e9dit\u00e9 conform\u00e9ment aux dispositions de l&rsquo;article 14, alin\u00e9a 3 de la loi n\u00b0 25.326. La Direction nationale pour la protection des donn\u00e9es personnelles, organe de contr\u00f4le de la loi n\u00b0 25.326, est charg\u00e9e de traiter les plaintes et les r\u00e9clamations d\u00e9pos\u00e9es en rapport avec le non-respect des r\u00e8gles de protection des donn\u00e9es personnelles.<\/p>\n<p>Conform\u00e9ment \u00e0 nos obligations l\u00e9gales, vos informations personnelles et\/ou toute autre information sp\u00e9cifique vous concernant \u00e0 laquelle nous pourrions acc\u00e9der intentionnellement ou fortuitement et\/ou votre compte peuvent \u00eatre divulgu\u00e9es \u00e0 des tiers dans le but de se conformer \u00e0 des proc\u00e9dures l\u00e9gales telles qu&rsquo;un mandat de perquisition, une assignation \u00e0 compara\u00eetre, une ordonnance du tribunal, un ordre du tribunal, ou \u00e0 la demande d&rsquo;autorit\u00e9s administratives qui peuvent \u00eatre consid\u00e9r\u00e9es comme valides en vertu des lois applicables. Vos informations personnelles peuvent \u00e9galement \u00eatre divulgu\u00e9es dans des cas impliquant une tentative de violation de la s\u00e9curit\u00e9 du site <strong>Revista AnimaTarot<\/strong>, ou un danger physique ou une menace contre vous, nous ou des tiers.<\/p>\n<h3><span class=\"ez-toc-section\" id=\"Politique_anti-spam\"><\/span>Politique anti-spam<span class=\"ez-toc-section-end\"><\/span><\/h3>\n<p>Le fournisseur d\u00e9clare qu&rsquo;il est totalement oppos\u00e9 \u00e0 l&rsquo;envoi de communications commerciales non sollicit\u00e9es et \u00e0 tout type de conduite ou de manifestation connue sous le nom de \u00ab\u00a0spam\u00a0\u00bb, et d\u00e9clare \u00e9galement qu&rsquo;il est engag\u00e9 dans la lutte contre ce type de pratique abusive.<br \/>\nPar cons\u00e9quent, le fournisseur garantit \u00e0 l&rsquo;utilisateur qu&rsquo;en aucun cas les donn\u00e9es personnelles collect\u00e9es sur le site ne seront donn\u00e9es, partag\u00e9es, transf\u00e9r\u00e9es ou vendues \u00e0 des tiers.<\/p>\n<p>Dans le cas o\u00f9 un utilisateur recevrait encore des communications de ce site web sans s&rsquo;\u00eatre inscrit, ou sans avoir donn\u00e9 son consentement expr\u00e8s \u00e0 cette inscription, il peut se d\u00e9sinscrire \u00e0 partir des liens fournis dans la communication elle-m\u00eame.<\/p>\n<p>En outre, l&rsquo;utilisateur peut nous contacter par le biais du formulaire de contact maintenu sur le site Web, \u00e0 la fois pour communiquer ce qui s&rsquo;est pass\u00e9 et pour demander la suppression imm\u00e9diate de leurs donn\u00e9es de notre syst\u00e8me.<\/p>\n<h3><span class=\"ez-toc-section\" id=\"Analytica\"><\/span>Analytica<span class=\"ez-toc-section-end\"><\/span><\/h3>\n<p>Le site web de la <strong>Revista AnimaTarot<\/strong> peut, par l&rsquo;utilisation de la technologie des cookies et\/ou du suivi IP acc\u00e9der \u00e0 certaines informations non sp\u00e9cifiques vous concernant, qui peuvent consister en tout type d&rsquo;informations autres que des informations personnelles. De cette mani\u00e8re, nous pouvons savoir quelles sont les zones de nos sites qui sont pr\u00e9f\u00e9r\u00e9es par nos utilisateurs, quelles sont les zones qui doivent \u00eatre am\u00e9lior\u00e9es et quelle technologie est utilis\u00e9e afin d&rsquo;am\u00e9liorer continuellement notre site.<\/p>\n<p>Google Tag Manager et Google Analytics sont des services d&rsquo;analyse de donn\u00e9es statistiques fournis par Google (politique de confidentialit\u00e9). losvinos.com.ar utilise ce service pour suivre les statistiques d&rsquo;utilisation.<br \/>\nGoogle Analytics utilise des cookies pour aider le site \u00e0 analyser les donn\u00e9es statistiques sur l&rsquo;utilisation du site (nombre de visites totales, pages les plus consult\u00e9es, etc.) Les informations g\u00e9n\u00e9r\u00e9es par les cookies (y compris votre adresse IP) sont transmises et stock\u00e9es par Google sur des serveurs situ\u00e9s aux \u00c9tats-Unis.<\/p>\n<p>Google utilisera ces informations en notre nom afin de g\u00e9n\u00e9rer des statistiques sur l&rsquo;utilisation du site losvinos.com.ar, Google ne recoupera pas votre adresse IP avec toute autre donn\u00e9e d\u00e9tenue par Google. Google peut \u00e9galement transf\u00e9rer ces informations \u00e0 des tiers si la loi l&rsquo;exige ou si ces tiers traitent les informations pour le compte de Google.<\/p>\n<p>Vous pouvez refuser le traitement des donn\u00e9es ou des informations en rejetant l&rsquo;utilisation des cookies en s\u00e9lectionnant les param\u00e8tres appropri\u00e9s de votre navigateur ; toutefois, cela limitera la pleine fonctionnalit\u00e9 de losvinos.com.ar. En utilisant ce site web, vous consentez au traitement des donn\u00e9es par Google de la mani\u00e8re et aux fins d\u00e9crites ci-dessus.<\/p>\n<p><strong>Revista AnimaTarot<\/strong> pourra analyser ces donn\u00e9es pour obtenir des tendances et des statistiques. Les informations de profilage seront utilis\u00e9es pour cr\u00e9er des contenus, des services et des publicit\u00e9s personnalis\u00e9es sur le site. En outre, <strong>Revista AnimaTarot<\/strong> peut utiliser votre profil pour g\u00e9n\u00e9rer des rapports suppl\u00e9mentaires et des \u00e9tudes de march\u00e9.<\/p>\n<h3><span class=\"ez-toc-section\" id=\"Politique_publicitaire\"><\/span>Politique publicitaire<span class=\"ez-toc-section-end\"><\/span><\/h3>\n<p>.<br \/>\nEzoic et Google, en tant que fournisseur partenaire de losvinos.com.ar, utilisent des cookies pour diffuser des annonces sur ce site. L&rsquo;utilisateur peut d\u00e9sactiver l&rsquo;utilisation de ces cookies en suivant les instructions de la section publicit\u00e9 de la politique de confidentialit\u00e9 de Google.<\/p>\n<p>Google fait appel \u00e0 des partenaires publicitaires pour diffuser des annonces lorsque vous visitez notre site Web.<\/p>\n<p>Notre site Web contient des banni\u00e8res publicitaires, toutes les publicit\u00e9s sont distingu\u00e9es par le mot \u00ab\u00a0Publicit\u00e9\u00a0\u00bb et\/ou \u00ab\u00a0Google Ads\u00a0\u00bb.<\/p>\n<p>Ces entreprises peuvent utiliser les informations qu&rsquo;elles recueillent lors de vos visites sur ce site Web et sur d&rsquo;autres sites (\u00e0 l&rsquo;exclusion de votre nom, adresse, adresse \u00e9lectronique ou num\u00e9ro de t\u00e9l\u00e9phone) pour vous proposer des publicit\u00e9s sur des produits et services susceptibles de vous int\u00e9resser. Si vous souhaitez obtenir de plus amples informations sur cette pratique et conna\u00eetre vos choix quant \u00e0 la non-utilisation de ces informations par ces soci\u00e9t\u00e9s, veuillez consulter le lien ci-dessus.<\/p>\n<p>Consentement au traitement de vos donn\u00e9es personnelles<br \/>\nDans le cadre de ses activit\u00e9s, losvinos.com.ar a la possibilit\u00e9 d&rsquo;enregistrer les utilisateurs pour envoyer des communications par courrier \u00e9lectronique, faire des commentaires sur le blog et envoyer des messages par le biais du formulaire de contact.<br \/>\nL&rsquo;utilisateur, par le biais des actes d&rsquo;inscription au blog, de l&rsquo;accomplissement de commentaires ou du formulaire de contact, donnera son consentement expr\u00e8s au traitement des donn\u00e9es personnelles fournies.<br \/>\nLes donn\u00e9es personnelles demand\u00e9es dans ces activit\u00e9s, seront incorpor\u00e9es dans un fichier dont le but est la communication de nouvelles li\u00e9es au site losvinos.com.ar agissant comme responsable du fichier le fournisseur. Les champs marqu\u00e9s d&rsquo;un ast\u00e9risque doivent \u00eatre remplis, et il sera impossible de r\u00e9aliser la finalit\u00e9 exprim\u00e9e si ces donn\u00e9es ne sont pas fournies. Vous \u00eates \u00e9galement inform\u00e9 de la possibilit\u00e9 d&rsquo;exercer les droits indiqu\u00e9s dans la section sur les droits des utilisateurs.<\/p>\n<h3><span class=\"ez-toc-section\" id=\"Droits_de_lutilisateur\"><\/span>Droits de l&rsquo;utilisateur<span class=\"ez-toc-section-end\"><\/span><\/h3>\n<p>.<br \/>\nConform\u00e9ment \u00e0 ce qui a \u00e9t\u00e9 \u00e9tabli, l&rsquo;utilisateur est inform\u00e9 que la finalit\u00e9 exclusive de la base de donn\u00e9es d&rsquo;enregistrement est d&rsquo;envoyer des informations sur les nouveaut\u00e9s li\u00e9es au site losvinos.com.ar. Seuls les propri\u00e9taires auront acc\u00e8s \u00e0 leurs donn\u00e9es, et en aucun cas ces donn\u00e9es ne seront c\u00e9d\u00e9es, partag\u00e9es, transf\u00e9r\u00e9es ou vendues \u00e0 des tiers.<\/p>\n<p>Conform\u00e9ment aux dispositions de la r\u00e9glementation, l&rsquo;utilisateur pourra \u00e0 tout moment exercer ses droits d&rsquo;acc\u00e8s, de rectification, d&rsquo;annulation et d&rsquo;opposition aupr\u00e8s du prestataire.<\/p>\n<p>Afin de faciliter l&rsquo;exercice de ces droits, un lien est fourni dans toutes les communications pour demander l&rsquo;annulation, ce qui entra\u00eenera la suppression imm\u00e9diate des donn\u00e9es personnelles de l&rsquo;utilisateur de notre base de donn\u00e9es.<\/p>\n<h3><span class=\"ez-toc-section\" id=\"Propriete_intellectuelle_et_utilisation_des_contenus\"><\/span>Propri\u00e9t\u00e9 intellectuelle et utilisation des contenus<span class=\"ez-toc-section-end\"><\/span><\/h3>\n<p>.<br \/>\nLe site losvinos.com.ar, y compris mais non limit\u00e9 \u00e0 la programmation, l&rsquo;\u00e9dition, la compilation et d&rsquo;autres \u00e9l\u00e9ments n\u00e9cessaires \u00e0 son fonctionnement, les dessins, logos, textes et \/ ou graphiques sont la propri\u00e9t\u00e9 du fournisseur ou si vous avez une licence ou une autorisation expresse par les auteurs.<\/p>\n<p>Pour faire tout commentaire concernant d&rsquo;\u00e9ventuelles violations des droits de propri\u00e9t\u00e9 intellectuelle ou industrielle, ainsi que tout contenu du site Web, vous pouvez le faire \u00e0 travers le formulaire de contact maintenu sur le site Web.<\/p>\n<h3><span class=\"ez-toc-section\" id=\"Liens_daffiliation\"><\/span>Liens d&rsquo;affiliation<span class=\"ez-toc-section-end\"><\/span><\/h3>\n<p>.<br \/>\nanimatarot.com utilise occasionnellement des liens d&rsquo;affiliation vers des produits et services de marques qui ont \u00e9tabli un programme d&rsquo;affiliation. Ces liens sont utilis\u00e9s exclusivement apr\u00e8s avoir utilis\u00e9 ces produits et services, ou avoir effectu\u00e9 des tests permettant d&rsquo;\u00e9valuer qu&rsquo;ils respectent un niveau de qualit\u00e9 ad\u00e9quat.<\/p>\n<p>Le fournisseur s&rsquo;engage \u00e0 ne pas inclure de liens d&rsquo;affiliation arbitraires vers des produits qui ne respectent pas les conditions d\u00e9crites ci-dessus, \u00e9tant entendu que ce type de pratique serait hautement contre-productif pour la r\u00e9putation du site web qui en fait la promotion.<\/p>\n<p>Il convient de noter que les marques mentionn\u00e9es ci-dessus n&rsquo;ont aucun contr\u00f4le sur le contenu ou les politiques qui se produisent dans la publication et sont le r\u00e9sultat de l&rsquo;opinion ou des recommandations des lecteurs, des utilisateurs, ainsi que l&rsquo;exp\u00e9rience personnelle ou l&rsquo;opinion des journalistes.<\/p>\n<p>Les opinions ou recommandations des lecteurs, des utilisateurs, ainsi que l&rsquo;exp\u00e9rience personnelle ou l&rsquo;opinion des journalistes.<\/p>\n<h3><span class=\"ez-toc-section\" id=\"JURIDICTION_ET_DROIT_APPLICABLE\"><\/span>JURIDICTION ET DROIT APPLICABLE<span class=\"ez-toc-section-end\"><\/span><\/h3>\n<p>.<br \/>\nDroit applicable : Toute interpr\u00e9tation et\/ou tout conflit li\u00e9 \u00e0 tout ou partie des pr\u00e9sentes politiques de confidentialit\u00e9, ou au respect de celles-ci par <strong>Revista AnimaTarot<\/strong>, sera r\u00e9gl\u00e9 par les tribunaux comp\u00e9tents de la ville de Buenos Aires, et l&rsquo;utilisateur ou le visiteur du site web de <strong>Revista AnimaTarot<\/strong> renonce \u00e0 toute autre juridiction qui pourrait \u00eatre comp\u00e9tente.<\/p>\n<p>De m\u00eame, aux fins \u00e9nonc\u00e9es ci-dessus, les lois de la R\u00e9publique d&rsquo;Argentine seront exclusivement applicables, \u00e0 l&rsquo;exclusion de toute r\u00e8gle de son syst\u00e8me de droit international et\/ou de toute autre r\u00e8gle faisant r\u00e9f\u00e9rence \u00e0 l&rsquo;application d&rsquo;une loi \u00e9trang\u00e8re, l&rsquo;utilisateur ou le visiteur des sites <strong>Revista AnimaTarot<\/strong> y renon\u00e7ant express\u00e9ment comme condition excluant l&rsquo;acc\u00e8s au site <strong>Revista AnimaTarot<\/strong>. Si vous utilisez ce site Web dans un autre pays que la R\u00e9publique d&rsquo;Argentine, vous \u00eates responsable du respect des lois locales applicables. <strong>Revista AnimaTarot<\/strong> ne fait aucune d\u00e9claration selon laquelle le mat\u00e9riel contenu dans ce site est appropri\u00e9 pour les pays en dehors de la R\u00e9publique d&rsquo;Argentine.<\/p>\n","protected":false},"excerpt":{"rendered":"<p>La pr\u00e9sente politique de confidentialit\u00e9 a pour but de vous informer, en tant que visiteur, utilisateur ou lecteur du site Revista AnimaTarot., sur la mani\u00e8re dont nous traitons vos informations personnelles et sur les diff\u00e9rents choix dont vous disposez concernant l&rsquo;utilisation de vos informations personnelles. De temps \u00e0 autre, nous pouvons modifier cette politique afin&hellip;&nbsp;<a href=\"https:\/\/animatarot.com\/fr\/politique-de-confidentialite\/\" rel=\"bookmark\">Lire la suite &raquo;<span class=\"screen-reader-text\">Politique de confidentialit\u00e9<\/span><\/a><\/p>\n","protected":false},"author":2,"featured_media":0,"parent":0,"menu_order":0,"comment_status":"closed","ping_status":"closed","template":"","meta":{"neve_meta_sidebar":"","neve_meta_container":"","neve_meta_enable_content_width":"off","neve_meta_content_width":100,"neve_meta_title_alignment":"","neve_meta_author_avatar":"","neve_post_elements_order":"","neve_meta_disable_header":"","neve_meta_disable_footer":"","neve_meta_disable_title":"","footnotes":""},"class_list":["post-3462","page","type-page","status-publish","hentry"],"_links":{"self":[{"href":"https:\/\/animatarot.com\/fr\/wp-json\/wp\/v2\/pages\/3462","targetHints":{"allow":["GET"]}}],"collection":[{"href":"https:\/\/animatarot.com\/fr\/wp-json\/wp\/v2\/pages"}],"about":[{"href":"https:\/\/animatarot.com\/fr\/wp-json\/wp\/v2\/types\/page"}],"author":[{"embeddable":true,"href":"https:\/\/animatarot.com\/fr\/wp-json\/wp\/v2\/users\/2"}],"replies":[{"embeddable":true,"href":"https:\/\/animatarot.com\/fr\/wp-json\/wp\/v2\/comments?post=3462"}],"version-history":[{"count":2,"href":"https:\/\/animatarot.com\/fr\/wp-json\/wp\/v2\/pages\/3462\/revisions"}],"predecessor-version":[{"id":3467,"href":"https:\/\/animatarot.com\/fr\/wp-json\/wp\/v2\/pages\/3462\/revisions\/3467"}],"wp:attachment":[{"href":"https:\/\/animatarot.com\/fr\/wp-json\/wp\/v2\/media?parent=3462"}],"curies":[{"name":"wp","href":"https:\/\/api.w.org\/{rel}","templated":true}]}}