{"id":3463,"date":"2022-06-14T15:57:22","date_gmt":"2022-06-14T15:57:22","guid":{"rendered":"https:\/\/animatarot.com\/?page_id=3463"},"modified":"2023-02-22T17:03:38","modified_gmt":"2023-02-22T17:03:38","slug":"modalites-et-conditions","status":"publish","type":"page","link":"https:\/\/animatarot.com\/fr\/modalites-et-conditions\/","title":{"rendered":"Modalit\u00e9s et conditions"},"content":{"rendered":"<div id=\"ez-toc-container\" class=\"ez-toc-v2_0_82_1 counter-hierarchy ez-toc-counter ez-toc-light-blue ez-toc-container-direction\">\n<div class=\"ez-toc-title-container\">\n<p class=\"ez-toc-title\" style=\"cursor:inherit\">Indice de contenido<\/p>\n<span class=\"ez-toc-title-toggle\"><a href=\"#\" class=\"ez-toc-pull-right ez-toc-btn ez-toc-btn-xs ez-toc-btn-default ez-toc-toggle\" aria-label=\"Toggle Table of Content\"><span class=\"ez-toc-js-icon-con\"><span class=\"\"><span class=\"eztoc-hide\" style=\"display:none;\">Toggle<\/span><span class=\"ez-toc-icon-toggle-span\"><svg style=\"fill: #999;color:#999\" xmlns=\"http:\/\/www.w3.org\/2000\/svg\" class=\"list-377408\" width=\"20px\" height=\"20px\" viewBox=\"0 0 24 24\" fill=\"none\"><path d=\"M6 6H4v2h2V6zm14 0H8v2h12V6zM4 11h2v2H4v-2zm16 0H8v2h12v-2zM4 16h2v2H4v-2zm16 0H8v2h12v-2z\" fill=\"currentColor\"><\/path><\/svg><svg style=\"fill: #999;color:#999\" class=\"arrow-unsorted-368013\" xmlns=\"http:\/\/www.w3.org\/2000\/svg\" width=\"10px\" height=\"10px\" viewBox=\"0 0 24 24\" version=\"1.2\" baseProfile=\"tiny\"><path d=\"M18.2 9.3l-6.2-6.3-6.2 6.3c-.2.2-.3.4-.3.7s.1.5.3.7c.2.2.4.3.7.3h11c.3 0 .5-.1.7-.3.2-.2.3-.5.3-.7s-.1-.5-.3-.7zM5.8 14.7l6.2 6.3 6.2-6.3c.2-.2.3-.5.3-.7s-.1-.5-.3-.7c-.2-.2-.4-.3-.7-.3h-11c-.3 0-.5.1-.7.3-.2.2-.3.5-.3.7s.1.5.3.7z\"\/><\/svg><\/span><\/span><\/span><\/a><\/span><\/div>\n<nav><ul class='ez-toc-list ez-toc-list-level-1 ' ><li class='ez-toc-page-1 ez-toc-heading-level-3'><a class=\"ez-toc-link ez-toc-heading-1\" href=\"https:\/\/animatarot.com\/fr\/modalites-et-conditions\/#Convention_sur_les_conditions_dutilisation\" >Convention sur les conditions d&rsquo;utilisation:<\/a><\/li><li class='ez-toc-page-1 ez-toc-heading-level-3'><a class=\"ez-toc-link ez-toc-heading-2\" href=\"https:\/\/animatarot.com\/fr\/modalites-et-conditions\/#Responsabilite\" >Responsabilit\u00e9<\/a><\/li><li class='ez-toc-page-1 ez-toc-heading-level-3'><a class=\"ez-toc-link ez-toc-heading-3\" href=\"https:\/\/animatarot.com\/fr\/modalites-et-conditions\/#Propriete_intellectuelle_et_utilisation_du_contenu\" >Propri\u00e9t\u00e9 intellectuelle et utilisation du contenu<\/a><\/li><li class='ez-toc-page-1 ez-toc-heading-level-3'><a class=\"ez-toc-link ez-toc-heading-4\" href=\"https:\/\/animatarot.com\/fr\/modalites-et-conditions\/#Comportement_illegal\" >Comportement ill\u00e9gal<\/a><\/li><li class='ez-toc-page-1 ez-toc-heading-level-3'><a class=\"ez-toc-link ez-toc-heading-5\" href=\"https:\/\/animatarot.com\/fr\/modalites-et-conditions\/#Liens\" >Liens<\/a><\/li><\/ul><\/nav><\/div>\n<h3><span class=\"ez-toc-section\" id=\"Convention_sur_les_conditions_dutilisation\"><\/span>Convention sur les conditions d&rsquo;utilisation:<span class=\"ez-toc-section-end\"><\/span><\/h3>\n<p>En acc\u00e9dant au site Web de la <strong>Revista AnimaTarot<\/strong> (https:\/\/animatarot.com\/), vous reconnaissez et acceptez les termes et conditions suivants.<\/p>\n<p>Si vous n&rsquo;\u00eates pas d&rsquo;accord avec ces conditions, N&rsquo;UTILISEZ PAS ce site. Les informations juridiques s&rsquo;appliquent \u00e0 toutes les pages du site Web <strong>Magazine AnimaTarot<\/strong>.<\/p>\n<h3><span class=\"ez-toc-section\" id=\"Responsabilite\"><\/span>Responsabilit\u00e9<span class=\"ez-toc-section-end\"><\/span><\/h3>\n<p>.<br \/>\nSi vous \u00eates mineur, n&rsquo;entrez pas : La page peut faire r\u00e9f\u00e9rence \u00e0 des produits dont la vente ou la consommation est interdite aux mineurs. Pour cette raison, si vous \u00eates mineur, vous n&rsquo;\u00eates pas autoris\u00e9 \u00e0 utiliser le site web <strong>Revista AnimaTarot.<\/strong>.<\/p>\n<p>Vous y acc\u00e9dez \u00e0 vos propres risques : En acc\u00e9dant \u00e0 ce site, vous reconnaissez et acceptez que l&rsquo;utilisation de ce site se fait \u00e0 vos propres risques et qu&rsquo;aucune partie impliqu\u00e9e dans la cr\u00e9ation, la production ou l&rsquo;utilisation de ce site Web, n&rsquo;est responsable de tout dommage direct, accidentel, cons\u00e9cutif, indirect ou punitif ou de toute perte, co\u00fbt ou d\u00e9pense de quelque nature que ce soit (y compris, mais sans s&rsquo;y limiter, les frais juridiques, ou tout autre d\u00e9bours) pouvant d\u00e9couler directement ou indirectement de l&rsquo;acc\u00e8s, de l&rsquo;utilisation ou de la navigation sur le site ou du t\u00e9l\u00e9chargement de mat\u00e9riel, de texte, de donn\u00e9es, d&rsquo;images, de vid\u00e9o ou d&rsquo;audio \u00e0 partir de ce site, y compris, mais sans s&rsquo;y limiter, ceux caus\u00e9s par un virus, des d\u00e9fauts, une action ou une inaction humaine du syst\u00e8me informatique, une ligne t\u00e9l\u00e9phonique, du mat\u00e9riel, des logiciels, des erreurs de programme, des d\u00e9faillances ou des retards dans les transmissions ou les connexions r\u00e9seau.<\/p>\n<p>Aucune garantie sur le contenu, les informations ou le mat\u00e9riel : Bien que les sp\u00e9cifications, caract\u00e9ristiques, illustrations, \u00e9quipements et autres informations contenues sur le site soient bas\u00e9es sur des informations actuelles, et bien que <strong>Revista AnimaTarot.<\/strong> s&rsquo;efforce d&rsquo;assurer que tout le mat\u00e9riel sur le site est correct, nous ne pouvons pas garantir son exactitude.<\/p>\n<p>La responsabilit\u00e9 de l&rsquo;utilisation du contenu publi\u00e9 sur ce site incombe enti\u00e8rement au lecteur.<\/p>\n<h3><span class=\"ez-toc-section\" id=\"Propriete_intellectuelle_et_utilisation_du_contenu\"><\/span>Propri\u00e9t\u00e9 intellectuelle et utilisation du contenu<span class=\"ez-toc-section-end\"><\/span><\/h3>\n<p>.<br \/>\nTout le contenu, les informations et le mat\u00e9riel contenus dans ce site sont fournis \u00ab\u00a0en l&rsquo;\u00e9tat\u00a0\u00bb, sans garantie d&rsquo;aucune sorte, expresse ou implicite, y compris, mais sans s&rsquo;y limiter, les garanties implicites de qualit\u00e9 marchande, d&rsquo;ad\u00e9quation \u00e0 un usage particulier, de titre et de non-violation.<\/p>\n<p>Les droits d&rsquo;auteur appartiennent \u00e0 <strong>Revista AnimaTarot.<\/strong> est le propri\u00e9taire des droits d&rsquo;auteur du site et aucune partie du site, y compris, mais sans s&rsquo;y limiter, le texte, l&rsquo;audio ou la vid\u00e9o ne peut \u00eatre utilis\u00e9e de cette mani\u00e8re sans le consentement \u00e9crit de <strong>Revista AnimaTarot.<\/strong>, sauf indication contraire.<\/p>\n<p>Sans renoncer \u00e0 aucun des droits qui pr\u00e9c\u00e8dent, vous pouvez t\u00e9l\u00e9charger une copie du mat\u00e9riel de ce site pour votre usage personnel et non commercial uniquement, \u00e0 condition de ne pas supprimer ou modifier les avis de droits d&rsquo;auteur, de marques de commerce ou autres avis de propri\u00e9t\u00e9 et \u00e0 condition qu&rsquo;une r\u00e9f\u00e9rence, un cr\u00e9dit ou un lien reconnaissant la paternit\u00e9 apparaisse.<\/p>\n<p>Pour formuler tout commentaire concernant d&rsquo;\u00e9ventuelles violations des droits de propri\u00e9t\u00e9 intellectuelle ou industrielle, ainsi que tout contenu du site web, vous pouvez le faire par le biais du formulaire de contact maintenu sur le site web.<\/p>\n<p>Toute modification, reprise ou utilisation de ce mat\u00e9riel sur ce site \u00e0 quelque fin que ce soit constitue une violation des droits l\u00e9gaux de <strong>Revista AnimaTarot.<\/strong>.<\/p>\n<p>Le nom <strong>Revista AnimaTarot.<\/strong>, les logos et les marques de commerce appartiennent \u00e0 <strong>Revista AnimaTarot.<\/strong> En acc\u00e9dant \u00e0 ce site, vous reconnaissez et acceptez que le nom, le logo et la marque de commerce contenus dans ce site sont la propri\u00e9t\u00e9 de <strong>Revista AnimaTarot.<\/strong> ou font l&rsquo;objet d&rsquo;une licence de sa part et ne peuvent \u00eatre utilis\u00e9s sans son autorisation \u00e9crite pr\u00e9alable. <strong>Revista AnimaTarot.<\/strong> fera respecter ses droits de propri\u00e9t\u00e9 intellectuelle. Les sons, graphiques, tableaux, textes, vid\u00e9os, informations ou images de lieux ou de personnes sont la propri\u00e9t\u00e9 de <strong>Revista AnimaTarot.<\/strong> ou sont utilis\u00e9s sur ce site avec une autorisation pr\u00e9alable. L&rsquo;utilisation de ces mat\u00e9riaux est interdite, sauf si cela est sp\u00e9cifiquement pr\u00e9vu sur ce site. L&rsquo;utilisation non autoris\u00e9e de ces mat\u00e9riaux peut vous exposer \u00e0 des dommages, y compris, mais sans s&rsquo;y limiter, ceux li\u00e9s \u00e0 la violation des marques, des droits d&rsquo;auteur, des droits de la vie priv\u00e9e ou de la publicit\u00e9. Utilisation non confidentielle des informations : En acc\u00e9dant \u00e0 ce site, vous reconnaissez et acceptez que toute communication, donn\u00e9e ou mat\u00e9riel que vous transmettez \u00e0 ce site, sous quelque forme et \u00e0 quelque fin que ce soit, ne sera pas consid\u00e9r\u00e9 comme confidentiel ou exclusif. En outre, vous reconnaissez et acceptez que toute id\u00e9e, tout concept, toute technique, toute proc\u00e9dure, toute m\u00e9thode, tout syst\u00e8me, toute conception, tout plan, tout graphique ou tout autre mat\u00e9riel que vous transmettez \u00e0 ce site puisse \u00eatre utilis\u00e9 par Los Vinos Magazine n&rsquo;importe o\u00f9, n&rsquo;importe quand et \u00e0 n&rsquo;importe quelle fin.<\/p>\n<h3><span class=\"ez-toc-section\" id=\"Comportement_illegal\"><\/span>Comportement ill\u00e9gal<span class=\"ez-toc-section-end\"><\/span><\/h3>\n<p>.<br \/>\nN&rsquo;affichez pas ou ne transmettez pas sur ce site de pourriels, de mat\u00e9riel pornographique, obsc\u00e8ne, profane, diffamatoire, mena\u00e7ant, ill\u00e9gal ou autre pouvant encourager ou constituer un comportement qui constituerait une infraction criminelle, donnerait lieu \u00e0 une responsabilit\u00e9 civile, encouragerait une consommation d&rsquo;alcool excessive, irresponsable ou mineure, ou violerait autrement toute loi ou r\u00e9glementation.<\/p>\n<p>Bien que <strong>Revista AnimaTarot.<\/strong> ou d&rsquo;autres parties impliqu\u00e9es dans la cr\u00e9ation, la production ou la livraison de ce site puissent surveiller ou examiner les transmissions, affichages, discussions ou chats, <strong>Revista AnimaTarot.<\/strong> et toutes les parties impliqu\u00e9es dans la cr\u00e9ation, la production ou la livraison de ce site n&rsquo;assument aucune responsabilit\u00e9 de quelque nature que ce soit d\u00e9coulant du contenu, y compris, mais sans s&rsquo;y limiter, les r\u00e9clamations pour diffamation, calomnie, obsc\u00e9nit\u00e9, pornographie, blasph\u00e8me ou fausse d\u00e9claration. Hyperliens : Bien que ce site puisse \u00eatre li\u00e9 \u00e0 d&rsquo;autres sites, <strong>Revista AnimaTarot.<\/strong> n&rsquo;effectue, directement ou indirectement, aucun endossement, association, parrainage, promotion ou affiliation avec le site en question, sauf mention sp\u00e9cifique.<\/p>\n<h3><span class=\"ez-toc-section\" id=\"Liens\"><\/span>Liens<span class=\"ez-toc-section-end\"><\/span><\/h3>\n<p>.<br \/>\nEn acc\u00e9dant \u00e0 ce site, vous reconnaissez et acceptez que <strong>Revista AnimaTarot.<\/strong> n&rsquo;a pas examin\u00e9 tous les sites li\u00e9s \u00e0 ce site et n&rsquo;est pas responsable du contenu de toute page hors site ou de tout autre site li\u00e9 \u00e0 ce site.<\/p>\n<p>L&rsquo;\u00e9tablissement de liens vers des pages hors site ou d&rsquo;autres sites se fait \u00e0 vos propres risques.<\/p>\n<p>\u00c0 partir du site Web du client, il est possible que vous soyez redirig\u00e9 vers le contenu de sites Web de tiers. \u00c9tant donn\u00e9 que le fournisseur ne peut pas toujours contr\u00f4ler le contenu publi\u00e9 par des tiers sur leurs sites web, le fournisseur n&rsquo;assume aucune responsabilit\u00e9 pour ce contenu. Dans tous les cas, le prestataire s&rsquo;engage \u00e0 retirer imm\u00e9diatement tout contenu susceptible de contrevenir \u00e0 la l\u00e9gislation nationale ou internationale, \u00e0 la morale ou \u00e0 l&rsquo;ordre public, en proc\u00e9dant au retrait imm\u00e9diat de la redirection vers ledit site web, en informant les autorit\u00e9s comp\u00e9tentes du contenu en question.<\/p>\n<p>Il convient de noter que les marques susmentionn\u00e9es n&rsquo;ont aucun contr\u00f4le sur le contenu ou les politiques qui se produisent dans la publication et sont le r\u00e9sultat de l&rsquo;opinion ou des recommandations des lecteurs, des utilisateurs, ainsi que l&rsquo;exp\u00e9rience personnelle ou l&rsquo;opinion des journalistes ou des contributeurs.<\/p>\n<p>R\u00e9vision de cette page : <strong>Revista AnimaTarot.<\/strong> se r\u00e9serve le droit de r\u00e9viser ces informations l\u00e9gales \u00e0 tout moment et pour n&rsquo;importe quelle raison, et se r\u00e9serve le droit d&rsquo;effectuer des modifications au sein du site si n\u00e9cessaire sans pr\u00e9avis ni obligation.<\/p>\n<p>En acc\u00e9dant \u00e0 ce site, vous reconnaissez et acceptez que vous puissiez \u00eatre soumis \u00e0 de telles r\u00e9visions. Nous vous sugg\u00e9rons de visiter p\u00e9riodiquement cette page du site pour revoir ces termes et conditions.<\/p>\n","protected":false},"excerpt":{"rendered":"<p>Convention sur les conditions d&rsquo;utilisation: En acc\u00e9dant au site Web de la Revista AnimaTarot (https:\/\/animatarot.com\/), vous reconnaissez et acceptez les termes et conditions suivants. Si vous n&rsquo;\u00eates pas d&rsquo;accord avec ces conditions, N&rsquo;UTILISEZ PAS ce site. Les informations juridiques s&rsquo;appliquent \u00e0 toutes les pages du site Web Magazine AnimaTarot. Responsabilit\u00e9 . Si vous \u00eates mineur,&hellip;&nbsp;<a href=\"https:\/\/animatarot.com\/fr\/modalites-et-conditions\/\" rel=\"bookmark\">Lire la suite &raquo;<span class=\"screen-reader-text\">Modalit\u00e9s et conditions<\/span><\/a><\/p>\n","protected":false},"author":2,"featured_media":0,"parent":0,"menu_order":0,"comment_status":"closed","ping_status":"closed","template":"","meta":{"neve_meta_sidebar":"","neve_meta_container":"","neve_meta_enable_content_width":"off","neve_meta_content_width":100,"neve_meta_title_alignment":"","neve_meta_author_avatar":"","neve_post_elements_order":"","neve_meta_disable_header":"","neve_meta_disable_footer":"","neve_meta_disable_title":"","footnotes":""},"class_list":["post-3463","page","type-page","status-publish","hentry"],"_links":{"self":[{"href":"https:\/\/animatarot.com\/fr\/wp-json\/wp\/v2\/pages\/3463","targetHints":{"allow":["GET"]}}],"collection":[{"href":"https:\/\/animatarot.com\/fr\/wp-json\/wp\/v2\/pages"}],"about":[{"href":"https:\/\/animatarot.com\/fr\/wp-json\/wp\/v2\/types\/page"}],"author":[{"embeddable":true,"href":"https:\/\/animatarot.com\/fr\/wp-json\/wp\/v2\/users\/2"}],"replies":[{"embeddable":true,"href":"https:\/\/animatarot.com\/fr\/wp-json\/wp\/v2\/comments?post=3463"}],"version-history":[{"count":2,"href":"https:\/\/animatarot.com\/fr\/wp-json\/wp\/v2\/pages\/3463\/revisions"}],"predecessor-version":[{"id":3469,"href":"https:\/\/animatarot.com\/fr\/wp-json\/wp\/v2\/pages\/3463\/revisions\/3469"}],"wp:attachment":[{"href":"https:\/\/animatarot.com\/fr\/wp-json\/wp\/v2\/media?parent=3463"}],"curies":[{"name":"wp","href":"https:\/\/api.w.org\/{rel}","templated":true}]}}