{"id":3471,"date":"2022-06-14T15:59:32","date_gmt":"2022-06-14T15:59:32","guid":{"rendered":"https:\/\/animatarot.com\/?page_id=3471"},"modified":"2023-02-22T17:09:24","modified_gmt":"2023-02-22T17:09:24","slug":"politica-sulla-privacy","status":"publish","type":"page","link":"https:\/\/animatarot.com\/it\/politica-sulla-privacy\/","title":{"rendered":"Politica sulla privacy"},"content":{"rendered":"<p>La presente Informativa sulla privacy ha lo scopo di informare l&#8217;utente, in qualit\u00e0 di visitatore, utente o lettore del sito <strong>Revista AnimaTarot.<\/strong>, su come trattiamo i suoi dati personali e sulle varie scelte che ha a disposizione in merito all&#8217;utilizzo dei suoi dati personali.<\/p>\n<p>Di tanto in tanto, possiamo modificare questa politica per includere nuovi argomenti e per riflettere i cambiamenti del nostro sito, le tecnologie che utilizziamo che possono influenzare il modo in cui trattiamo le informazioni dell&#8217;utente, o il nostro atteggiamento verso l&#8217;uso delle informazioni che raccogliamo. Potremmo aggiungere tali modifiche a questa politica di volta in volta, in modo che l&#8217;utente abbia sempre accesso alle informazioni che raccogliamo, all&#8217;uso che ne facciamo e alla nostra capacit\u00e0 di divulgare o trasferire tali informazioni a terzi, se del caso.<\/p>\n<p>Questa politica si applica a tutti i siti posseduti e\/o gestiti da <strong>Revista AnimaTarot.<\/strong> e\/o da societ\u00e0 collegate e a qualsiasi altro sito che possiamo possedere o gestire ora o in futuro. Questa politica non si applica nel caso in cui l&#8217;utente acceda a siti diversi da quelli di <strong>Revista AnimaTarot.<\/strong>, anche nel caso in cui tali siti siano collegati ai siti di <strong>Revista AnimaTarot.<\/strong> tramite link o qualsiasi altro collegamento.<\/p>\n<div id=\"ez-toc-container\" class=\"ez-toc-v2_0_82_1 counter-hierarchy ez-toc-counter ez-toc-light-blue ez-toc-container-direction\">\n<div class=\"ez-toc-title-container\">\n<p class=\"ez-toc-title\" style=\"cursor:inherit\">Indice de contenido<\/p>\n<span class=\"ez-toc-title-toggle\"><a href=\"#\" class=\"ez-toc-pull-right ez-toc-btn ez-toc-btn-xs ez-toc-btn-default ez-toc-toggle\" aria-label=\"Toggle Table of Content\"><span class=\"ez-toc-js-icon-con\"><span class=\"\"><span class=\"eztoc-hide\" style=\"display:none;\">Toggle<\/span><span class=\"ez-toc-icon-toggle-span\"><svg style=\"fill: #999;color:#999\" xmlns=\"http:\/\/www.w3.org\/2000\/svg\" class=\"list-377408\" width=\"20px\" height=\"20px\" viewBox=\"0 0 24 24\" fill=\"none\"><path d=\"M6 6H4v2h2V6zm14 0H8v2h12V6zM4 11h2v2H4v-2zm16 0H8v2h12v-2zM4 16h2v2H4v-2zm16 0H8v2h12v-2z\" fill=\"currentColor\"><\/path><\/svg><svg style=\"fill: #999;color:#999\" class=\"arrow-unsorted-368013\" xmlns=\"http:\/\/www.w3.org\/2000\/svg\" width=\"10px\" height=\"10px\" viewBox=\"0 0 24 24\" version=\"1.2\" baseProfile=\"tiny\"><path d=\"M18.2 9.3l-6.2-6.3-6.2 6.3c-.2.2-.3.4-.3.7s.1.5.3.7c.2.2.4.3.7.3h11c.3 0 .5-.1.7-.3.2-.2.3-.5.3-.7s-.1-.5-.3-.7zM5.8 14.7l6.2 6.3 6.2-6.3c.2-.2.3-.5.3-.7s-.1-.5-.3-.7c-.2-.2-.4-.3-.7-.3h-11c-.3 0-.5.1-.7.3-.2.2-.3.5-.3.7s.1.5.3.7z\"\/><\/svg><\/span><\/span><\/span><\/a><\/span><\/div>\n<nav><ul class='ez-toc-list ez-toc-list-level-1 ' ><li class='ez-toc-page-1 ez-toc-heading-level-3'><a class=\"ez-toc-link ez-toc-heading-1\" href=\"https:\/\/animatarot.com\/it\/politica-sulla-privacy\/#INFORMAZIONI_PERSONALI\" >INFORMAZIONI PERSONALI<\/a><\/li><li class='ez-toc-page-1 ez-toc-heading-level-3'><a class=\"ez-toc-link ez-toc-heading-2\" href=\"https:\/\/animatarot.com\/it\/politica-sulla-privacy\/#Protezione_dei_dati_personali\" >Protezione dei dati personali<\/a><\/li><li class='ez-toc-page-1 ez-toc-heading-level-3'><a class=\"ez-toc-link ez-toc-heading-3\" href=\"https:\/\/animatarot.com\/it\/politica-sulla-privacy\/#Politica_antispam\" >Politica antispam<\/a><\/li><li class='ez-toc-page-1 ez-toc-heading-level-3'><a class=\"ez-toc-link ez-toc-heading-4\" href=\"https:\/\/animatarot.com\/it\/politica-sulla-privacy\/#Analitica\" >Analitica<\/a><\/li><li class='ez-toc-page-1 ez-toc-heading-level-3'><a class=\"ez-toc-link ez-toc-heading-5\" href=\"https:\/\/animatarot.com\/it\/politica-sulla-privacy\/#Politica_pubblicitaria\" >Politica pubblicitaria<\/a><\/li><li class='ez-toc-page-1 ez-toc-heading-level-3'><a class=\"ez-toc-link ez-toc-heading-6\" href=\"https:\/\/animatarot.com\/it\/politica-sulla-privacy\/#Diritti_dellutente\" >Diritti dell&#8217;utente<\/a><\/li><li class='ez-toc-page-1 ez-toc-heading-level-3'><a class=\"ez-toc-link ez-toc-heading-7\" href=\"https:\/\/animatarot.com\/it\/politica-sulla-privacy\/#Proprieta_intellettuale_e_utilizzo_dei_contenuti\" >Propriet\u00e0 intellettuale e utilizzo dei contenuti<\/a><\/li><li class='ez-toc-page-1 ez-toc-heading-level-3'><a class=\"ez-toc-link ez-toc-heading-8\" href=\"https:\/\/animatarot.com\/it\/politica-sulla-privacy\/#Link_di_affiliazione\" >Link di affiliazione<\/a><\/li><li class='ez-toc-page-1 ez-toc-heading-level-3'><a class=\"ez-toc-link ez-toc-heading-9\" href=\"https:\/\/animatarot.com\/it\/politica-sulla-privacy\/#GIURISDIZIONE_E_LEGGE_APPLICABILE\" >GIURISDIZIONE E LEGGE APPLICABILE<\/a><\/li><\/ul><\/nav><\/div>\n<h3><span class=\"ez-toc-section\" id=\"INFORMAZIONI_PERSONALI\"><\/span>INFORMAZIONI PERSONALI<span class=\"ez-toc-section-end\"><\/span><\/h3>\n<p>.<br \/>\nTutti i dati personali e le informazioni fornite dagli utenti o dai lettori al momento dell&#8217;accesso al sito <strong>Revista AnimaTarot.<\/strong>, sia allo scopo di partecipare a promozioni, giochi, eventi o per qualsiasi altro motivo, sono protetti e soggetti ai termini e alle condizioni della presente informativa sulla privacy.<\/p>\n<p>I dati personali inseriti volontariamente dagli utenti e contenuti nelle informazioni riservate vengono utilizzati per fornire all&#8217;utente un servizio e un contenuto pi\u00f9 personalizzato in base alle sue esigenze, ai suoi gusti e ai suoi interessi e, se del caso, per offrire pubblicit\u00e0 o contenuti selettivi che possano essere di maggiore interesse per lui. La <strong>Rivista AnimaTarot.<\/strong> fornir\u00e0 questo servizio solo con il consenso dell&#8217;utente.<\/p>\n<p>La registrazione dei dati d\u00e0 all&#8217;utente la possibilit\u00e0 di scegliere di continuare a ricevere informazioni da <strong>Revista AnimaTarot.<\/strong>. Attraverso questa accettazione, gli utenti saranno contattati per comunicare: promozioni, eventi, nuovi giochi e altre novit\u00e0 del sito <strong>Revista AnimaTarot.<\/strong> in generale. Sul nostro sito possono essere richieste informazioni personali per facilitare l&#8217;uso o la partecipazione ai nostri concorsi, giochi, sondaggi, forum, abbonamenti e qualsiasi altra attivit\u00e0, servizio o risorsa che possiamo fornire su qualsiasi sito di <strong>Revista AnimaTarot.<\/strong> In tutti i casi, possiamo raccogliere e memorizzare le vostre informazioni personali solo se ce le fornite volontariamente.<\/p>\n<p>Sebbene <strong>Revista AnimaTarot. <\/strong>non garantisce che le informazioni inserite nel suo sito o trasmesse utilizzando il suo servizio siano sicure al 100%, l&#8217;utente lo fa a suo rischio e pericolo.<\/p>\n<h3><span class=\"ez-toc-section\" id=\"Protezione_dei_dati_personali\"><\/span>Protezione dei dati personali<span class=\"ez-toc-section-end\"><\/span><\/h3>\n<p>Il provider rispetta la normativa internazionale in materia di protezione dei dati personali, garantisce il pieno rispetto degli obblighi e assicura il corretto utilizzo e trattamento dei dati personali dell&#8217;utente.<\/p>\n<p>Il titolare dei dati personali pu\u00f2 esercitare i diritti di accesso, rettifica e\/o cancellazione dei propri dati in conformit\u00e0 alle disposizioni della legge 25.326 inviando un&#8217;e-mail nel modulo di contatto. Il titolare pu\u00f2 in qualsiasi momento richiedere il ritiro o il blocco, totale o parziale, del proprio nominativo dalla banca dati di cui al presente punto. Il titolare dei dati personali ha il diritto di esercitare gratuitamente il diritto di accesso a tali dati con intervallo non inferiore a sei mesi, a meno che non sia accreditato un interesse legittimo in tal senso in conformit\u00e0 alle disposizioni dell&#8217;articolo 14, comma 3, della legge n. 25.326. La Direzione nazionale per la protezione dei dati personali, organo di controllo della legge 25.326, \u00e8 responsabile della gestione dei reclami e delle richieste di risarcimento presentate in relazione al mancato rispetto delle norme sulla protezione dei dati personali.<\/p>\n<p>In ottemperanza ai nostri obblighi legali, i vostri dati personali e\/o qualsiasi altra informazione specifica su di voi a cui possiamo accedere intenzionalmente o incidentalmente e\/o il vostro account possono essere divulgati a terzi allo scopo di ottemperare a procedure legali quali un mandato di perquisizione, una citazione in giudizio, un ordine del tribunale, un&#8217;ordinanza del tribunale o su richiesta di autorit\u00e0 amministrative che possono essere considerate valide ai sensi delle leggi applicabili. Le informazioni personali dell&#8217;utente possono essere divulgate anche in caso di tentata violazione della sicurezza del sito <strong>Revista AnimaTarot<\/strong>, o di pericolo fisico o minaccia nei confronti dell&#8217;utente, di noi o di terzi.<\/p>\n<h3><span class=\"ez-toc-section\" id=\"Politica_antispam\"><\/span>Politica antispam<span class=\"ez-toc-section-end\"><\/span><\/h3>\n<p>Il provider dichiara di essere assolutamente contrario all&#8217;invio di comunicazioni commerciali non richieste e a qualsiasi tipo di comportamento o manifestazione nota come &#8220;spam&#8221;, e dichiara inoltre di impegnarsi nella lotta contro questo tipo di pratica abusiva.<br \/>\nPertanto, il fornitore garantisce all&#8217;utente che in nessun caso i dati personali raccolti sul sito web saranno ceduti, condivisi, trasferiti o venduti a terzi.<\/p>\n<p>Nel caso in cui un utente riceva ancora comunicazioni da questo sito web senza essersi registrato, o senza aver dato il proprio consenso esplicito a tale registrazione, \u00e8 possibile annullare l&#8217;iscrizione tramite i link forniti nella comunicazione stessa.<\/p>\n<p>Inoltre, l&#8217;utente pu\u00f2 contattarci attraverso il modulo di contatto mantenuto sul sito web, sia per comunicare l&#8217;accaduto che per richiedere l&#8217;immediata rimozione dei propri dati dal nostro sistema.<\/p>\n<h3><span class=\"ez-toc-section\" id=\"Analitica\"><\/span>Analitica<span class=\"ez-toc-section-end\"><\/span><\/h3>\n<p>Il sito web della <strong>Rivista AnimaTarot<\/strong> pu\u00f2, attraverso l&#8217;uso della tecnologia dei cookie e\/o del tracciamento IP, accedere ad alcune informazioni non specifiche sull&#8217;utente, che possono consistere in qualsiasi tipo di informazione diversa da quelle personali. In questo modo possiamo scoprire quali aree del nostro sito sono preferite dai nostri utenti, quali aree devono essere migliorate e quale tecnologia viene utilizzata per migliorare continuamente il nostro sito.<\/p>\n<p>Google Tag Manager e Google Analytics \u00e8 un servizio di analisi dei dati statistici fornito da Google (informativa sulla privacy). losvinos.com.ar utilizza questo servizio per tracciare le statistiche di utilizzo.<br \/>\nGoogle Analytics utilizza i cookie per consentire al sito web di analizzare i dati statistici sull&#8217;utilizzo del sito (numero di visite totali, pagine pi\u00f9 viste, ecc.). Le informazioni generate dal cookie (compreso il vostro indirizzo IP) verranno trasmesse e memorizzate da Google su un server negli Stati Uniti.<\/p>\n<p>Google utilizzer\u00e0 queste informazioni per nostro conto al fine di generare informazioni statistiche sull&#8217;utilizzo di losvinos.com.ar. Google non assocer\u00e0 il vostro indirizzo IP a nessun altro dato posseduto da Google. Google pu\u00f2 anche trasferire queste informazioni a terzi, se richiesto dalla legge o se tali terzi elaborano le informazioni per conto di Google.<\/p>\n<p>Potete rifiutarvi di trattare i dati o le informazioni rifiutando l&#8217;uso dei cookie selezionando l&#8217;impostazione appropriata sul vostro browser, ma ci\u00f2 limiter\u00e0 la piena funzionalit\u00e0 di losvinos.com.ar. Utilizzando il presente sito web, l&#8217;utente acconsente al trattamento dei dati da parte di Google per le modalit\u00e0 e i fini sopraindicati.<\/p>\n<p>La <strong>Revista AnimaTarot<\/strong> pu\u00f2 analizzare questi dati per ottenere tendenze e statistiche. Le informazioni di profilazione saranno utilizzate per creare contenuti, servizi e pubblicit\u00e0 personalizzata sul sito. Inoltre <strong>Revista AnimaTarot<\/strong> potr\u00e0 utilizzare il profilo dell&#8217;utente per generare ulteriori report e ricerche di mercato.<\/p>\n<h3><span class=\"ez-toc-section\" id=\"Politica_pubblicitaria\"><\/span>Politica pubblicitaria<span class=\"ez-toc-section-end\"><\/span><\/h3>\n<p>.<br \/>\nEzoic e Google, in qualit\u00e0 di fornitore partner di losvinos.com.ar, utilizzano i cookie per pubblicare annunci su questo sito web. L&#8217;utente pu\u00f2 disattivare l&#8217;uso di questi cookie seguendo le istruzioni riportate nella sezione pubblicit\u00e0 dell&#8217;informativa sulla privacy di Google.<\/p>\n<p>Google utilizza partner pubblicitari per pubblicare annunci quando visitate il nostro sito web.<\/p>\n<p>Il nostro sito web contiene banner pubblicitari; tutte le pubblicit\u00e0 sono contraddistinte dalla dicitura &#8220;Pubblicit\u00e0&#8221; e\/o &#8220;Annunci Google&#8221;.<\/p>\n<p>Queste aziende possono utilizzare le informazioni raccolte dalle vostre visite a questo e ad altri siti web (ad esclusione del vostro nome, indirizzo, indirizzo e-mail o numero di telefono) per fornirvi pubblicit\u00e0 su prodotti e servizi di vostro interesse. Se desiderate maggiori informazioni su questa pratica e conoscere le vostre possibilit\u00e0 di non utilizzare queste informazioni da parte di queste societ\u00e0, consultate il link qui sopra.<\/p>\n<p>Consenso al trattamento dei dati personali<br \/>\nNell&#8217;ambito delle sue attivit\u00e0, losvinos.com.ar ha la possibilit\u00e0 di registrare gli utenti per inviare comunicazioni via e-mail, fare commenti sul blog e inviare messaggi attraverso il modulo di contatto.<br \/>\nL&#8217;utente mediante gli atti di iscrizione al blog, l&#8217;inserimento di commenti o il modulo di contatto dar\u00e0 il suo espresso consenso al trattamento dei dati personali forniti.<br \/>\nI dati personali richiesti in queste attivit\u00e0, saranno incorporati in un file il cui scopo \u00e8 la comunicazione di notizie relative al sito web losvinos.com.ar che agisce come responsabile del file il provider. I campi contrassegnati da un asterisco devono essere compilati, e sar\u00e0 impossibile realizzare la finalit\u00e0 espressa se questi dati non vengono forniti. L&#8217;utente viene inoltre informato della possibilit\u00e0 di esercitare i diritti indicati nella sezione relativa ai diritti dell&#8217;utente.<\/p>\n<h3><span class=\"ez-toc-section\" id=\"Diritti_dellutente\"><\/span>Diritti dell&#8217;utente<span class=\"ez-toc-section-end\"><\/span><\/h3>\n<p>.<br \/>\nIn conformit\u00e0 a quanto stabilito, l&#8217;utente \u00e8 informato che lo scopo esclusivo del database di registrazione \u00e8 l&#8217;invio di informazioni sulle novit\u00e0 relative al sito losvinos.com.ar. Solo i titolari avranno accesso ai loro dati e in nessun caso questi saranno assegnati, condivisi, trasferiti o venduti a terzi.<\/p>\n<p>In conformit\u00e0 alle disposizioni del regolamento, l&#8217;utente pu\u00f2 esercitare in qualsiasi momento i propri diritti di accesso, rettifica, cancellazione e opposizione al fornitore.<\/p>\n<p>Al fine di facilitare l&#8217;esercizio di tali diritti, in tutte le comunicazioni viene fornito un link per richiedere la cancellazione, che comporter\u00e0 l&#8217;immediata rimozione dei dati personali dell&#8217;utente dal nostro database.<\/p>\n<h3><span class=\"ez-toc-section\" id=\"Proprieta_intellettuale_e_utilizzo_dei_contenuti\"><\/span>Propriet\u00e0 intellettuale e utilizzo dei contenuti<span class=\"ez-toc-section-end\"><\/span><\/h3>\n<p>.<br \/>\nIl sito web losvinos.com.ar, compresi, ma non solo, la programmazione, l&#8217;editing, la compilazione e gli altri elementi necessari al suo funzionamento, i disegni, i loghi, i testi e\/o la grafica sono di propriet\u00e0 del provider o se si dispone di una licenza o di un&#8217;autorizzazione espressa da parte degli autori.<\/p>\n<p>Per fare qualsiasi commento su eventuali violazioni dei diritti di propriet\u00e0 intellettuale o industriale, cos\u00ec come su qualsiasi contenuto del sito web, \u00e8 possibile farlo attraverso il modulo di contatto mantenuto sul sito web.<\/p>\n<h3><span class=\"ez-toc-section\" id=\"Link_di_affiliazione\"><\/span>Link di affiliazione<span class=\"ez-toc-section-end\"><\/span><\/h3>\n<p>.<br \/>\nanimatarot.com utilizza occasionalmente link di affiliazione a prodotti e servizi di marchi che hanno stabilito un programma di affiliazione. Questi link vengono utilizzati esclusivamente dopo aver utilizzato questi prodotti e servizi o aver effettuato dei test che ci permettono di valutare che essi rispondono a un livello di qualit\u00e0 adeguato.<\/p>\n<p>Il fornitore si impegna a non inserire link di affiliazione arbitrari a prodotti che non rispettano le condizioni sopra descritte, nella consapevolezza che questo tipo di pratica sarebbe altamente controproducente per la reputazione del sito web che li promuove.<\/p>\n<p>Va notato che i marchi sopra citati non hanno alcun controllo sui contenuti o sulle politiche che si verificano nella pubblicazione e sono il risultato dell&#8217;opinione o delle raccomandazioni dei lettori, degli utenti, nonch\u00e9 dell&#8217;esperienza personale o dell&#8217;opinione dei giornalisti.<\/p>\n<p>Le opinioni o le raccomandazioni dei lettori, degli utenti, cos\u00ec come l&#8217;esperienza personale o le opinioni dei giornalisti.<\/p>\n<h3><span class=\"ez-toc-section\" id=\"GIURISDIZIONE_E_LEGGE_APPLICABILE\"><\/span>GIURISDIZIONE E LEGGE APPLICABILE<span class=\"ez-toc-section-end\"><\/span><\/h3>\n<p>.<br \/>\nLegge applicabile: Qualsiasi interpretazione e\/o conflitto relativo a tutte o parte delle presenti Norme sulla privacy, o all&#8217;osservanza delle stesse da parte della <strong>Revista AnimaTarot<\/strong>, sar\u00e0 risolta dai tribunali competenti della citt\u00e0 di Buenos Aires, e l&#8217;utente o il visitatore del sito web della <strong>Revista AnimaTarot<\/strong> rinuncia al diritto di qualsiasi altra giurisdizione che possa essere competente.<\/p>\n<p>Allo stesso modo, per le finalit\u00e0 di cui sopra, saranno applicabili in via esclusiva le leggi della Repubblica Argentina, con esclusione di qualsiasi norma del suo sistema di diritto internazionale e\/o di qualsiasi altra norma che faccia riferimento all&#8217;applicazione di qualsiasi legge straniera, l&#8217;utente o il visitatore dei siti della <strong>Revista AnimaTarot<\/strong> vi rinuncia espressamente come condizione che esclude l&#8217;accesso al sito della <strong>Revista AnimaTarot<\/strong>. Se si utilizza questo sito web in un altro paese al di fuori della Repubblica Argentina, l&#8217;utente \u00e8 responsabile del rispetto delle leggi locali applicabili. La <strong>Revista AnimaTarot<\/strong> non garantisce che i materiali contenuti in questo sito siano appropriati per paesi al di fuori della Repubblica Argentina.<\/p>\n","protected":false},"excerpt":{"rendered":"<p>La presente Informativa sulla privacy ha lo scopo di informare l&#8217;utente, in qualit\u00e0 di visitatore, utente o lettore del sito Revista AnimaTarot., su come trattiamo i suoi dati personali e sulle varie scelte che ha a disposizione in merito all&#8217;utilizzo dei suoi dati personali. Di tanto in tanto, possiamo modificare questa politica per includere nuovi&hellip;&nbsp;<a href=\"https:\/\/animatarot.com\/it\/politica-sulla-privacy\/\" rel=\"bookmark\">Leggi tutto &raquo;<span class=\"screen-reader-text\">Politica sulla privacy<\/span><\/a><\/p>\n","protected":false},"author":2,"featured_media":0,"parent":0,"menu_order":0,"comment_status":"closed","ping_status":"closed","template":"","meta":{"neve_meta_sidebar":"","neve_meta_container":"","neve_meta_enable_content_width":"off","neve_meta_content_width":100,"neve_meta_title_alignment":"","neve_meta_author_avatar":"","neve_post_elements_order":"","neve_meta_disable_header":"","neve_meta_disable_footer":"","neve_meta_disable_title":"","footnotes":""},"class_list":["post-3471","page","type-page","status-publish","hentry"],"_links":{"self":[{"href":"https:\/\/animatarot.com\/it\/wp-json\/wp\/v2\/pages\/3471","targetHints":{"allow":["GET"]}}],"collection":[{"href":"https:\/\/animatarot.com\/it\/wp-json\/wp\/v2\/pages"}],"about":[{"href":"https:\/\/animatarot.com\/it\/wp-json\/wp\/v2\/types\/page"}],"author":[{"embeddable":true,"href":"https:\/\/animatarot.com\/it\/wp-json\/wp\/v2\/users\/2"}],"replies":[{"embeddable":true,"href":"https:\/\/animatarot.com\/it\/wp-json\/wp\/v2\/comments?post=3471"}],"version-history":[{"count":1,"href":"https:\/\/animatarot.com\/it\/wp-json\/wp\/v2\/pages\/3471\/revisions"}],"predecessor-version":[{"id":3475,"href":"https:\/\/animatarot.com\/it\/wp-json\/wp\/v2\/pages\/3471\/revisions\/3475"}],"wp:attachment":[{"href":"https:\/\/animatarot.com\/it\/wp-json\/wp\/v2\/media?parent=3471"}],"curies":[{"name":"wp","href":"https:\/\/api.w.org\/{rel}","templated":true}]}}