{"id":3472,"date":"2022-06-14T15:57:22","date_gmt":"2022-06-14T15:57:22","guid":{"rendered":"https:\/\/animatarot.com\/?page_id=3472"},"modified":"2023-02-22T17:09:20","modified_gmt":"2023-02-22T17:09:20","slug":"termini-e-condizioni","status":"publish","type":"page","link":"https:\/\/animatarot.com\/it\/termini-e-condizioni\/","title":{"rendered":"Termini e condizioni"},"content":{"rendered":"<div id=\"ez-toc-container\" class=\"ez-toc-v2_0_82_1 counter-hierarchy ez-toc-counter ez-toc-light-blue ez-toc-container-direction\">\n<div class=\"ez-toc-title-container\">\n<p class=\"ez-toc-title\" style=\"cursor:inherit\">Indice de contenido<\/p>\n<span class=\"ez-toc-title-toggle\"><a href=\"#\" class=\"ez-toc-pull-right ez-toc-btn ez-toc-btn-xs ez-toc-btn-default ez-toc-toggle\" aria-label=\"Toggle Table of Content\"><span class=\"ez-toc-js-icon-con\"><span class=\"\"><span class=\"eztoc-hide\" style=\"display:none;\">Toggle<\/span><span class=\"ez-toc-icon-toggle-span\"><svg style=\"fill: #999;color:#999\" xmlns=\"http:\/\/www.w3.org\/2000\/svg\" class=\"list-377408\" width=\"20px\" height=\"20px\" viewBox=\"0 0 24 24\" fill=\"none\"><path d=\"M6 6H4v2h2V6zm14 0H8v2h12V6zM4 11h2v2H4v-2zm16 0H8v2h12v-2zM4 16h2v2H4v-2zm16 0H8v2h12v-2z\" fill=\"currentColor\"><\/path><\/svg><svg style=\"fill: #999;color:#999\" class=\"arrow-unsorted-368013\" xmlns=\"http:\/\/www.w3.org\/2000\/svg\" width=\"10px\" height=\"10px\" viewBox=\"0 0 24 24\" version=\"1.2\" baseProfile=\"tiny\"><path d=\"M18.2 9.3l-6.2-6.3-6.2 6.3c-.2.2-.3.4-.3.7s.1.5.3.7c.2.2.4.3.7.3h11c.3 0 .5-.1.7-.3.2-.2.3-.5.3-.7s-.1-.5-.3-.7zM5.8 14.7l6.2 6.3 6.2-6.3c.2-.2.3-.5.3-.7s-.1-.5-.3-.7c-.2-.2-.4-.3-.7-.3h-11c-.3 0-.5.1-.7.3-.2.2-.3.5-.3.7s.1.5.3.7z\"\/><\/svg><\/span><\/span><\/span><\/a><\/span><\/div>\n<nav><ul class='ez-toc-list ez-toc-list-level-1 ' ><li class='ez-toc-page-1 ez-toc-heading-level-3'><a class=\"ez-toc-link ez-toc-heading-1\" href=\"https:\/\/animatarot.com\/it\/termini-e-condizioni\/#Termini_di_utilizzo\" >Termini di utilizzo:<\/a><\/li><li class='ez-toc-page-1 ez-toc-heading-level-3'><a class=\"ez-toc-link ez-toc-heading-2\" href=\"https:\/\/animatarot.com\/it\/termini-e-condizioni\/#Responsabilita\" >Responsabilit\u00e0<\/a><\/li><li class='ez-toc-page-1 ez-toc-heading-level-3'><a class=\"ez-toc-link ez-toc-heading-3\" href=\"https:\/\/animatarot.com\/it\/termini-e-condizioni\/#Proprieta_intellettuale_e_utilizzo_dei_contenuti\" >Propriet\u00e0 intellettuale e utilizzo dei contenuti<\/a><\/li><li class='ez-toc-page-1 ez-toc-heading-level-3'><a class=\"ez-toc-link ez-toc-heading-4\" href=\"https:\/\/animatarot.com\/it\/termini-e-condizioni\/#Comportamento_illegale\" >Comportamento illegale<\/a><\/li><li class='ez-toc-page-1 ez-toc-heading-level-3'><a class=\"ez-toc-link ez-toc-heading-5\" href=\"https:\/\/animatarot.com\/it\/termini-e-condizioni\/#Link\" >Link<\/a><\/li><\/ul><\/nav><\/div>\n<h3><span class=\"ez-toc-section\" id=\"Termini_di_utilizzo\"><\/span>Termini di utilizzo:<span class=\"ez-toc-section-end\"><\/span><\/h3>\n<p>Accedendo al sito web della <strong>Rivista AnimaTarot<\/strong> (https:\/\/animatarot.com\/) si riconoscono e si accettano i seguenti termini e condizioni.<\/p>\n<p>Se non accettate questi termini NON UTILIZZATE questo sito. Le informazioni legali si applicano a tutte le pagine del sito web della <strong>Rivista AnimaTarot<\/strong>.<\/p>\n<h3><span class=\"ez-toc-section\" id=\"Responsabilita\"><\/span>Responsabilit\u00e0<span class=\"ez-toc-section-end\"><\/span><\/h3>\n<p>.<br \/>\nSe sei minorenne, non entrare: La pagina pu\u00f2 fare riferimento a prodotti la cui vendita o il cui consumo \u00e8 vietato ai minori. Per questo motivo, se sei minorenne non sei autorizzato a utilizzare il sito web della <strong>Rivista AnimaTarot.<\/strong>.<\/p>\n<p>Entrate a vostro rischio e pericolo: Accedendo a questo sito, l&#8217;utente riconosce e accetta che il suo utilizzo \u00e8 a proprio rischio e che nessuna parte coinvolta nella creazione, produzione o utilizzo di questo sito web \u00e8 responsabile di eventuali danni diretti, incidentali, consequenziali, indiretti o punitivi o di qualsiasi perdita, costo o spesa di qualsiasi tipo (comprese, ma non solo, le spese legali, o qualsiasi altro esborso) che possa derivare direttamente o indirettamente dall&#8217;accesso, dall&#8217;uso o dalla navigazione del sito o dal download di materiale, testo, dati, immagini, video o audio da questo sito, compresi, a titolo esemplificativo ma non esaustivo, quelli causati da virus, difetti, azione o inazione umana del sistema informatico, linea telefonica, hardware, software, errori di programma, guasti o ritardi nelle trasmissioni o nelle connessioni di rete.<\/p>\n<p>Nessuna garanzia su contenuti, informazioni o materiali: sebbene le specifiche, le caratteristiche, le illustrazioni, le attrezzature e le altre informazioni contenute nel sito siano basate su informazioni aggiornate, e sebbene <strong>Revista AnimaTarot.<\/strong> si sforzi di assicurare che tutto il materiale presente sul sito sia corretto, non possiamo garantirne l&#8217;accuratezza.<\/p>\n<p>La responsabilit\u00e0 dell&#8217;uso dei contenuti pubblicati su questo sito \u00e8 interamente del lettore.<\/p>\n<h3><span class=\"ez-toc-section\" id=\"Proprieta_intellettuale_e_utilizzo_dei_contenuti\"><\/span>Propriet\u00e0 intellettuale e utilizzo dei contenuti<span class=\"ez-toc-section-end\"><\/span><\/h3>\n<p>.<br \/>\nTutti i contenuti, le informazioni e i materiali contenuti in questo sito sono forniti &#8220;cos\u00ec come sono&#8221;, senza garanzie di alcun tipo, espresse o implicite, incluse, ma non solo, le garanzie implicite di commerciabilit\u00e0, idoneit\u00e0 per uno scopo particolare, titolo e non violazione.<\/p>\n<p>I diritti d&#8217;autore appartengono a <strong>Revista AnimaTarot.<\/strong> \u00e8 il proprietario dei diritti d&#8217;autore del sito e nessuna parte del sito, inclusi ma non limitati a testi, audio o video possono essere utilizzati in questo modo senza il consenso scritto di <strong>Revista AnimaTarot.<\/strong> se non diversamente indicato.<\/p>\n<p>Senza rinunciare a nessuno dei diritti di cui sopra, \u00e8 possibile scaricare una copia del materiale presente su questo sito per uso personale e non commerciale, a condizione che non venga cancellato o alterato nessun copyright, marchio di fabbrica o altri avvisi di propriet\u00e0 e che compaia un riferimento, un credito o un link che ne riconosca la paternit\u00e0.<\/p>\n<p>Per qualsiasi commento relativo a possibili violazioni dei diritti di propriet\u00e0 intellettuale o industriale, nonch\u00e9 a qualsiasi contenuto del sito web, \u00e8 possibile farlo attraverso il modulo di contatto presente sul sito web.<\/p>\n<p>Qualsiasi modifica, ripubblicazione o utilizzo di questo materiale su questo sito per qualsiasi scopo costituisce una violazione dei diritti legali di <strong>Revista AnimaTarot.<\/strong>.<\/p>\n<p>Il nome <strong>Revista AnimaTarot.<\/strong> i loghi e i marchi appartengono a <strong>Revista AnimaTarot.<\/strong> Entrando in questo sito si riconosce e si accetta che il nome, il logo e il marchio contenuti in questo sito sono di propriet\u00e0 o concessi in licenza da <strong>Revista AnimaTarot.<\/strong> e non possono essere utilizzati senza la sua preventiva autorizzazione scritta. La <strong>Revista AnimaTarot.<\/strong> far\u00e0 valere i propri diritti di propriet\u00e0 intellettuale. Suoni, grafici, tabelle, testi, video, informazioni o immagini di luoghi o persone sono di propriet\u00e0 della <strong>Revista AnimaTarot.<\/strong> o sono utilizzati in questo sito con il preventivo permesso. L&#8217;uso di questi materiali \u00e8 vietato se non espressamente previsto in questo sito. L&#8217;uso non autorizzato di questi materiali pu\u00f2 essere soggetto a danni, inclusi, ma non solo, quelli relativi alla violazione di marchi, copyright, diritti di privacy o pubblicit\u00e0. Uso non riservato delle informazioni: accedendo a questo sito, l&#8217;utente riconosce e accetta che qualsiasi comunicazione, dato o materiale trasmesso a questo sito, in qualsiasi forma e per qualsiasi scopo, non sar\u00e0 considerato riservato o proprietario. Inoltre, riconoscete e accettate che tutte le idee, i concetti, le tecniche, le procedure, i metodi, i sistemi, i progetti, i piani, i grafici o altro materiale che trasmettete a questo sito possono essere utilizzati da Los Vinos Magazine ovunque, in qualsiasi momento e per qualsiasi scopo.<\/p>\n<h3><span class=\"ez-toc-section\" id=\"Comportamento_illegale\"><\/span>Comportamento illegale<span class=\"ez-toc-section-end\"><\/span><\/h3>\n<p>.<br \/>\nNon pubblicate o trasmettete a questo sito alcuno spam, materiale pornografico, osceno, blasfemo, diffamatorio, calunnioso, abusivo, minaccioso, illegale o di altro tipo che possa incoraggiare o costituire una condotta che costituisca un reato penale, che dia luogo a responsabilit\u00e0 civile, che promuova un consumo eccessivo, irresponsabile o da parte di minorenni, o che violi in altro modo qualsiasi legge o regolamento.<\/p>\n<p>Sebbene <strong>Revista AnimaTarot.<\/strong> o altre parti coinvolte nella creazione, produzione o consegna di questo sito possano monitorare o rivedere le trasmissioni, i post, le discussioni o le chat, <strong>Revista AnimaTarot.<\/strong> e tutte le parti coinvolte nella creazione, produzione o consegna di questo sito non si assumono alcuna responsabilit\u00e0 derivante dal contenuto, comprese, ma non solo, le rivendicazioni di diffamazione, calunnia, diffamazione, oscenit\u00e0, pornografia, blasfemia o falsa dichiarazione. Collegamenti ipertestuali: Sebbene questo sito possa essere collegato ad altri siti, la <strong>Rivista AnimaTarot.<\/strong> non effettua direttamente o indirettamente alcuna approvazione, associazione, sponsorizzazione, promozione o affiliazione con il sito in questione, a meno che non sia specificamente indicato.<\/p>\n<h3><span class=\"ez-toc-section\" id=\"Link\"><\/span>Link<span class=\"ez-toc-section-end\"><\/span><\/h3>\n<p>.<br \/>\nAccedendo a questo sito, l&#8217;utente riconosce e accetta che la <strong>Rivista AnimaTarot.<\/strong> non ha esaminato tutti i siti collegati a questo sito e non \u00e8 responsabile del contenuto delle pagine esterne o di altri siti collegati a questo sito.<\/p>\n<p>Il collegamento a pagine esterne o ad altri siti \u00e8 a rischio dell&#8217;utente.<\/p>\n<p>Dal sito web del cliente \u00e8 possibile che si venga reindirizzati a contenuti di siti web di terzi. Poich\u00e9 il fornitore non pu\u00f2 sempre controllare i contenuti pubblicati da terzi sui loro siti web, non si assume alcuna responsabilit\u00e0 per tali contenuti. In ogni caso, il fornitore si impegna a rimuovere immediatamente qualsiasi contenuto che possa contravvenire alla legislazione nazionale o internazionale, al buon costume o all&#8217;ordine pubblico, procedendo all&#8217;immediato ritiro del reindirizzamento a tale sito web, informando le autorit\u00e0 competenti del contenuto in questione.<\/p>\n<p>Si precisa che i suddetti marchi non hanno alcun controllo sui contenuti o sulle politiche che si verificano nella pubblicazione e che sono il risultato dell&#8217;opinione o delle raccomandazioni dei lettori, degli utenti, nonch\u00e9 dell&#8217;esperienza personale o dell&#8217;opinione dei giornalisti o dei collaboratori.<\/p>\n<p>Revisione di questa pagina: la <strong>Revista AnimaTarot.<\/strong> si riserva il diritto di rivedere queste informazioni legali in qualsiasi momento e per qualsiasi motivo, e si riserva il diritto di apportare modifiche all&#8217;interno del sito secondo le necessit\u00e0 senza preavviso o obbligo.<\/p>\n<p>Accedendo a questo sito, l&#8217;utente riconosce e accetta di essere soggetto a tali revisioni. Si consiglia di visitare periodicamente questa pagina del Sito per rivedere i presenti termini e condizioni.<\/p>\n","protected":false},"excerpt":{"rendered":"<p>Termini di utilizzo: Accedendo al sito web della Rivista AnimaTarot (https:\/\/animatarot.com\/) si riconoscono e si accettano i seguenti termini e condizioni. Se non accettate questi termini NON UTILIZZATE questo sito. Le informazioni legali si applicano a tutte le pagine del sito web della Rivista AnimaTarot. Responsabilit\u00e0 . Se sei minorenne, non entrare: La pagina pu\u00f2&hellip;&nbsp;<a href=\"https:\/\/animatarot.com\/it\/termini-e-condizioni\/\" rel=\"bookmark\">Leggi tutto &raquo;<span class=\"screen-reader-text\">Termini e condizioni<\/span><\/a><\/p>\n","protected":false},"author":2,"featured_media":0,"parent":0,"menu_order":0,"comment_status":"closed","ping_status":"closed","template":"","meta":{"neve_meta_sidebar":"","neve_meta_container":"","neve_meta_enable_content_width":"off","neve_meta_content_width":100,"neve_meta_title_alignment":"","neve_meta_author_avatar":"","neve_post_elements_order":"","neve_meta_disable_header":"","neve_meta_disable_footer":"","neve_meta_disable_title":"","footnotes":""},"class_list":["post-3472","page","type-page","status-publish","hentry"],"_links":{"self":[{"href":"https:\/\/animatarot.com\/it\/wp-json\/wp\/v2\/pages\/3472","targetHints":{"allow":["GET"]}}],"collection":[{"href":"https:\/\/animatarot.com\/it\/wp-json\/wp\/v2\/pages"}],"about":[{"href":"https:\/\/animatarot.com\/it\/wp-json\/wp\/v2\/types\/page"}],"author":[{"embeddable":true,"href":"https:\/\/animatarot.com\/it\/wp-json\/wp\/v2\/users\/2"}],"replies":[{"embeddable":true,"href":"https:\/\/animatarot.com\/it\/wp-json\/wp\/v2\/comments?post=3472"}],"version-history":[{"count":2,"href":"https:\/\/animatarot.com\/it\/wp-json\/wp\/v2\/pages\/3472\/revisions"}],"predecessor-version":[{"id":3474,"href":"https:\/\/animatarot.com\/it\/wp-json\/wp\/v2\/pages\/3472\/revisions\/3474"}],"wp:attachment":[{"href":"https:\/\/animatarot.com\/it\/wp-json\/wp\/v2\/media?parent=3472"}],"curies":[{"name":"wp","href":"https:\/\/api.w.org\/{rel}","templated":true}]}}