{"id":3477,"date":"2022-06-14T15:57:22","date_gmt":"2022-06-14T15:57:22","guid":{"rendered":"https:\/\/animatarot.com\/?page_id=3477"},"modified":"2023-02-22T17:13:31","modified_gmt":"2023-02-22T17:13:31","slug":"termos-e-condicoes","status":"publish","type":"page","link":"https:\/\/animatarot.com\/pt-br\/termos-e-condicoes\/","title":{"rendered":"Termos e Condi\u00e7\u00f5es"},"content":{"rendered":"<div id=\"ez-toc-container\" class=\"ez-toc-v2_0_82_2 counter-hierarchy ez-toc-counter ez-toc-light-blue ez-toc-container-direction\">\n<div class=\"ez-toc-title-container\">\n<p class=\"ez-toc-title\" style=\"cursor:inherit\">Indice de contenido<\/p>\n<span class=\"ez-toc-title-toggle\"><a href=\"#\" class=\"ez-toc-pull-right ez-toc-btn ez-toc-btn-xs ez-toc-btn-default ez-toc-toggle\" aria-label=\"Alternar tabela de conte\u00fado\"><span class=\"ez-toc-js-icon-con\"><span class=\"\"><span class=\"eztoc-hide\" style=\"display:none;\">Toggle<\/span><span class=\"ez-toc-icon-toggle-span\"><svg style=\"fill: #999;color:#999\" xmlns=\"http:\/\/www.w3.org\/2000\/svg\" class=\"list-377408\" width=\"20px\" height=\"20px\" viewBox=\"0 0 24 24\" fill=\"none\"><path d=\"M6 6H4v2h2V6zm14 0H8v2h12V6zM4 11h2v2H4v-2zm16 0H8v2h12v-2zM4 16h2v2H4v-2zm16 0H8v2h12v-2z\" fill=\"currentColor\"><\/path><\/svg><svg style=\"fill: #999;color:#999\" class=\"arrow-unsorted-368013\" xmlns=\"http:\/\/www.w3.org\/2000\/svg\" width=\"10px\" height=\"10px\" viewBox=\"0 0 24 24\" version=\"1.2\" baseProfile=\"tiny\"><path d=\"M18.2 9.3l-6.2-6.3-6.2 6.3c-.2.2-.3.4-.3.7s.1.5.3.7c.2.2.4.3.7.3h11c.3 0 .5-.1.7-.3.2-.2.3-.5.3-.7s-.1-.5-.3-.7zM5.8 14.7l6.2 6.3 6.2-6.3c.2-.2.3-.5.3-.7s-.1-.5-.3-.7c-.2-.2-.4-.3-.7-.3h-11c-.3 0-.5.1-.7.3-.2.2-.3.5-.3.7s.1.5.3.7z\"\/><\/svg><\/span><\/span><\/span><\/a><\/span><\/div>\n<nav><ul class='ez-toc-list ez-toc-list-level-1 ' ><li class='ez-toc-page-1 ez-toc-heading-level-3'><a class=\"ez-toc-link ez-toc-heading-1\" href=\"https:\/\/animatarot.com\/pt-br\/termos-e-condicoes\/#Termos_de_Acordo_de_Utilizacao\" >Termos de Acordo de Utiliza\u00e7\u00e3o:<\/a><\/li><li class='ez-toc-page-1 ez-toc-heading-level-3'><a class=\"ez-toc-link ez-toc-heading-2\" href=\"https:\/\/animatarot.com\/pt-br\/termos-e-condicoes\/#Responsabilidade\" >Responsabilidade<\/a><\/li><li class='ez-toc-page-1 ez-toc-heading-level-3'><a class=\"ez-toc-link ez-toc-heading-3\" href=\"https:\/\/animatarot.com\/pt-br\/termos-e-condicoes\/#Propriedade_intelectual_e_utilizacao_do_conteudo\" >Propriedade intelectual e utiliza\u00e7\u00e3o do conte\u00fado<\/a><\/li><li class='ez-toc-page-1 ez-toc-heading-level-3'><a class=\"ez-toc-link ez-toc-heading-4\" href=\"https:\/\/animatarot.com\/pt-br\/termos-e-condicoes\/#Comportamento_ilegal\" >Comportamento ilegal<\/a><\/li><li class='ez-toc-page-1 ez-toc-heading-level-3'><a class=\"ez-toc-link ez-toc-heading-5\" href=\"https:\/\/animatarot.com\/pt-br\/termos-e-condicoes\/#Links\" >Links<\/a><\/li><\/ul><\/nav><\/div>\n<h3><span class=\"ez-toc-section\" id=\"Termos_de_Acordo_de_Utilizacao\"><\/span>Termos de Acordo de Utiliza\u00e7\u00e3o:<span class=\"ez-toc-section-end\"><\/span><\/h3>\n<p>Ao aceder ao Web Site (https:\/\/animatarot.com\/) de <strong>Revista AnimaTarot<\/strong>, reconhece e concorda com os seguintes termos e condi\u00e7\u00f5es.<\/p>\n<p>Se n\u00e3o concordar com estes termos, N\u00c3O UTILIZAR este s\u00edtio. As informa\u00e7\u00f5es legais aplicam-se a todas as p\u00e1ginas do s\u00edtio Web <strong>AnimaTarot Magazine<\/strong>.<\/p>\n<h3><span class=\"ez-toc-section\" id=\"Responsabilidade\"><\/span>Responsabilidade<span class=\"ez-toc-section-end\"><\/span><\/h3>\n<p>.<br \/>\nSe for menor de idade, n\u00e3o entre: A p\u00e1gina pode referir-se a produtos cuja venda ou consumo \u00e9 proibido a menores. Por este motivo, se for menor, n\u00e3o est\u00e1 autorizado a utilizar o s\u00edtio Web <forte>Revista AnimaTarot.<\/strong>.<\/p>\n<p>Entre por sua conta e risco: ao aceder a este site, reconhece e concorda que a sua utiliza\u00e7\u00e3o deste site \u00e9 por sua conta e risco e que nenhuma parte envolvida na cria\u00e7\u00e3o, produ\u00e7\u00e3o ou utiliza\u00e7\u00e3o deste site, \u00e9 respons\u00e1vel por quaisquer danos directos, acidentais, consequenciais, indirectos ou punitivos ou qualquer perda, custo ou despesa (incluindo mas n\u00e3o se limitando a honor\u00e1rios legais, ou qualquer outro desembolso) que possa surgir directa ou indirectamente atrav\u00e9s do seu acesso, utiliza\u00e7\u00e3o ou navega\u00e7\u00e3o no site ou atrav\u00e9s do descarregamento de material, texto, dados, imagens, v\u00eddeo ou \u00e1udio deste site, incluindo mas n\u00e3o se limitando ao causado por um v\u00edrus, defeitos, ac\u00e7\u00e3o humana ou inac\u00e7\u00e3o do sistema inform\u00e1tico, linha telef\u00f3nica, hardware, software, erros de programa, falhas ou atrasos nas transmiss\u00f5es ou liga\u00e7\u00f5es de rede.<\/p>\n<p>Sem garantia no conte\u00fado, informa\u00e7\u00e3o ou materiais: Embora as especifica\u00e7\u00f5es, caracter\u00edsticas, ilustra\u00e7\u00f5es, equipamento e outras informa\u00e7\u00f5es contidas no site se baseiem em informa\u00e7\u00f5es actuais, e embora <forte>Revista AnimaTarot.<\/strong> se esforce por assegurar que todo o material do site esteja correcto, n\u00e3o podemos garantir a sua exactid\u00e3o.<\/p>\n<p>A responsabilidade pela utiliza\u00e7\u00e3o do conte\u00fado publicado neste s\u00edtio recai inteiramente sobre o leitor.<\/p>\n<h3><span class=\"ez-toc-section\" id=\"Propriedade_intelectual_e_utilizacao_do_conteudo\"><\/span>Propriedade intelectual e utiliza\u00e7\u00e3o do conte\u00fado<span class=\"ez-toc-section-end\"><\/span><\/h3>\n<p>.<br \/>\nTodo o conte\u00fado, informa\u00e7\u00e3o e material contido neste s\u00edtio \u00e9 fornecido &#8220;tal como est\u00e1&#8221;, sem qualquer tipo de garantia, expressa ou impl\u00edcita, incluindo mas n\u00e3o se limitando \u00e0s garantias impl\u00edcitas de comerciabilidade, adequa\u00e7\u00e3o a um determinado fim, t\u00edtulo e n\u00e3o infrac\u00e7\u00e3o.<\/p>\n<p>Os direitos autorais pertencem a <strong>Revista AnimaTarot.<\/strong> \u00e9 o propriet\u00e1rio dos direitos autorais do site e nenhuma parte do site, incluindo mas n\u00e3o se limitando a texto, \u00e1udio ou v\u00eddeo pode ser utilizada desta forma sem o consentimento escrito de <strong>Revista AnimaTarot.<\/strong> salvo indica\u00e7\u00e3o em contr\u00e1rio.<\/p>\n<p>Sem renunciar a qualquer dos direitos anteriores, poder\u00e1 descarregar uma c\u00f3pia do material deste s\u00edtio apenas para seu uso pessoal e n\u00e3o comercial, desde que n\u00e3o elimine ou altere quaisquer avisos de direitos de autor, marcas registadas ou outros avisos de propriedade e desde que apare\u00e7a uma refer\u00eancia, cr\u00e9dito ou link a reconhecer a autoria.<\/p>\n<p>Para fazer quaisquer coment\u00e1rios sobre poss\u00edveis viola\u00e7\u00f5es de direitos de propriedade intelectual ou industrial, bem como qualquer conte\u00fado do s\u00edtio web, pode faz\u00ea-lo atrav\u00e9s do formul\u00e1rio de contacto mantido no s\u00edtio web.<\/p>\n<p>Qualquer modifica\u00e7\u00e3o, reposicionamento ou utiliza\u00e7\u00e3o deste material neste s\u00edtio para qualquer finalidade constitui uma viola\u00e7\u00e3o dos direitos legais de <forte>Revista AnimaTarot.<\/strong>.<\/p>\n<p>O nome <strong>Revista AnimaTarot.<\/strong> log\u00f3tipos e marcas registadas pertencem a <strong>Revista AnimaTarot.<\/strong> Ao entrar neste site reconhece e concorda que o nome, log\u00f3tipo e marca registada contidos neste site s\u00e3o propriedade ou licenciados por <strong>Revista AnimaTarot.<\/strong> e n\u00e3o podem ser utilizados sem a sua autoriza\u00e7\u00e3o pr\u00e9via por escrito. <strong>Revista AnimaTarot.<\/strong> ir\u00e1 fazer valer os seus direitos de propriedade intelectual. Sons, gr\u00e1ficos, tabelas, textos, v\u00eddeos, informa\u00e7\u00f5es ou imagens de lugares ou pessoas s\u00e3o propriedade de <strong>Revista AnimaTarot.<\/strong> ou s\u00e3o utilizados neste s\u00edtio com a sua permiss\u00e3o pr\u00e9via por escrito. A utiliza\u00e7\u00e3o destes materiais \u00e9 proibida, a menos que especificamente prevista neste s\u00edtio. A utiliza\u00e7\u00e3o n\u00e3o autorizada destes materiais pode sujeit\u00e1-lo a danos, incluindo mas n\u00e3o se limitando aos relacionados com a viola\u00e7\u00e3o de marcas registadas, direitos de autor, direitos de privacidade ou publicidade. Utiliza\u00e7\u00e3o N\u00e3o-Confidencial de Informa\u00e7\u00e3o: Ao aceder a este site, o utilizador reconhece e concorda que qualquer comunica\u00e7\u00e3o, dados ou material que transmitir a este site, sob qualquer forma e para qualquer fim, n\u00e3o ser\u00e1 considerado confidencial ou propriet\u00e1rio. Al\u00e9m disso, reconhece e concorda que quaisquer ideias, conceitos, t\u00e9cnicas, procedimentos, m\u00e9todos, sistemas, desenhos, planos, gr\u00e1ficos ou outro material que transmita a este site poder\u00e3o ser utilizados pela Los Vinos Magazine em qualquer lugar, a qualquer momento e para qualquer finalidade.<\/p>\n<h3><span class=\"ez-toc-section\" id=\"Comportamento_ilegal\"><\/span>Comportamento ilegal<span class=\"ez-toc-section-end\"><\/span><\/h3>\n<p>.<br \/>\nN\u00e3o publicar ou transmitir a este site qualquer spam, pornogr\u00e1fico, obsceno, profano, difamat\u00f3rio, calunioso, amea\u00e7ador, ilegal ou outro material que possa encorajar ou constituir uma conduta que possa constituir uma ofensa criminal, dar origem a responsabilidade civil, promover bebidas alco\u00f3licas excessivas, irrespons\u00e1veis ou menores de idade, ou de qualquer outra forma violar qualquer lei ou regulamento.<\/p>\n<p>Embora <forte>Revista AnimaTarot.<\/strong> ou outras partes envolvidas na cria\u00e7\u00e3o, produ\u00e7\u00e3o ou entrega deste s\u00edtio possam monitorizar ou rever transmiss\u00f5es, divulga\u00e7\u00f5es, discuss\u00f5es ou chats, <forte>Revista AnimaTarot.<\/strong> e todas as partes envolvidas na cria\u00e7\u00e3o, produ\u00e7\u00e3o ou entrega deste s\u00edtio n\u00e3o assumam qualquer responsabilidade ou obriga\u00e7\u00e3o decorrente do conte\u00fado, incluindo mas n\u00e3o se limitando a reclama\u00e7\u00f5es de difama\u00e7\u00e3o, cal\u00fania, cal\u00fania, obscenidade, pornografia, profana\u00e7\u00e3o ou deturpa\u00e7\u00e3o. Hiperliga\u00e7\u00f5es: Embora este site possa estar ligado a outros sites, <forte>Revista AnimaTarot.<\/strong> n\u00e3o realiza directa ou indirectamente qualquer endosso, associa\u00e7\u00e3o, patroc\u00ednio, promo\u00e7\u00e3o ou afilia\u00e7\u00e3o com o site em quest\u00e3o, a menos que especificamente declarado.<\/p>\n<h3><span class=\"ez-toc-section\" id=\"Links\"><\/span>Links<span class=\"ez-toc-section-end\"><\/span><\/h3>\n<p>.<br \/>\nAo aceder a este s\u00edtio reconhece e concorda que <strong>Revista AnimaTarot.<\/strong> n\u00e3o reviu todos os s\u00edtios ligados a este s\u00edtio e n\u00e3o \u00e9 respons\u00e1vel pelo conte\u00fado de quaisquer p\u00e1ginas fora do s\u00edtio ou quaisquer outros s\u00edtios ligados a este s\u00edtio.<\/p>\n<p>A liga\u00e7\u00e3o a quaisquer p\u00e1ginas fora do site ou a outros sites \u00e9 por sua conta e risco.<\/p>\n<p>A partir do site do cliente \u00e9 poss\u00edvel que seja redireccionado para o conte\u00fado de sites de terceiros. Uma vez que o fornecedor nem sempre pode controlar o conte\u00fado colocado por terceiros nos seus s\u00edtios na Internet, o fornecedor n\u00e3o assume qualquer responsabilidade por tal conte\u00fado. Em qualquer caso, o fornecedor compromete-se a remover imediatamente qualquer conte\u00fado que possa violar a legisla\u00e7\u00e3o nacional ou internacional, a moral ou a ordem p\u00fablica, procedendo \u00e0 retirada imediata do redireccionamento para o referido website, informando as autoridades competentes sobre o conte\u00fado em quest\u00e3o.<\/p>\n<p>\u00c9 de notar que as marcas acima mencionadas n\u00e3o t\u00eam qualquer controlo sobre os conte\u00fados ou pol\u00edticas que ocorrem na publica\u00e7\u00e3o e s\u00e3o o resultado da opini\u00e3o ou recomenda\u00e7\u00f5es dos leitores, utilizadores, bem como da experi\u00eancia pessoal ou opini\u00e3o dos jornalistas ou colaboradores.<\/p>\n<p>Revis\u00e3o desta p\u00e1gina: <strong>Revista AnimaTarot.<\/strong> reserva-se o direito de rever esta informa\u00e7\u00e3o legal em qualquer altura e por qualquer raz\u00e3o, e reserva-se o direito de fazer modifica\u00e7\u00f5es dentro do site, conforme necess\u00e1rio, sem aviso pr\u00e9vio ou obriga\u00e7\u00e3o.<\/p>\n<p>Ao aceder a este s\u00edtio, reconhece e concorda que poder\u00e1 estar sujeito a tais revis\u00f5es. Sugerimos que visite periodicamente esta p\u00e1gina do S\u00edtio para rever os presentes termos e condi\u00e7\u00f5es.<\/p>\n","protected":false},"excerpt":{"rendered":"<p>Termos de Acordo de Utiliza\u00e7\u00e3o: Ao aceder ao Web Site (https:\/\/animatarot.com\/) de Revista AnimaTarot, reconhece e concorda com os seguintes termos e condi\u00e7\u00f5es. Se n\u00e3o concordar com estes termos, N\u00c3O UTILIZAR este s\u00edtio. As informa\u00e7\u00f5es legais aplicam-se a todas as p\u00e1ginas do s\u00edtio Web AnimaTarot Magazine. Responsabilidade . Se for menor de idade, n\u00e3o entre:&hellip;&nbsp;<a href=\"https:\/\/animatarot.com\/pt-br\/termos-e-condicoes\/\" rel=\"bookmark\">Continue a ler &raquo;<span class=\"screen-reader-text\">Termos e Condi\u00e7\u00f5es<\/span><\/a><\/p>\n","protected":false},"author":2,"featured_media":0,"parent":0,"menu_order":0,"comment_status":"closed","ping_status":"closed","template":"","meta":{"neve_meta_sidebar":"","neve_meta_container":"","neve_meta_enable_content_width":"off","neve_meta_content_width":100,"neve_meta_title_alignment":"","neve_meta_author_avatar":"","neve_post_elements_order":"","neve_meta_disable_header":"","neve_meta_disable_footer":"","neve_meta_disable_title":"","footnotes":""},"class_list":["post-3477","page","type-page","status-publish","hentry"],"_links":{"self":[{"href":"https:\/\/animatarot.com\/pt-br\/wp-json\/wp\/v2\/pages\/3477","targetHints":{"allow":["GET"]}}],"collection":[{"href":"https:\/\/animatarot.com\/pt-br\/wp-json\/wp\/v2\/pages"}],"about":[{"href":"https:\/\/animatarot.com\/pt-br\/wp-json\/wp\/v2\/types\/page"}],"author":[{"embeddable":true,"href":"https:\/\/animatarot.com\/pt-br\/wp-json\/wp\/v2\/users\/2"}],"replies":[{"embeddable":true,"href":"https:\/\/animatarot.com\/pt-br\/wp-json\/wp\/v2\/comments?post=3477"}],"version-history":[{"count":2,"href":"https:\/\/animatarot.com\/pt-br\/wp-json\/wp\/v2\/pages\/3477\/revisions"}],"predecessor-version":[{"id":3482,"href":"https:\/\/animatarot.com\/pt-br\/wp-json\/wp\/v2\/pages\/3477\/revisions\/3482"}],"wp:attachment":[{"href":"https:\/\/animatarot.com\/pt-br\/wp-json\/wp\/v2\/media?parent=3477"}],"curies":[{"name":"wp","href":"https:\/\/api.w.org\/{rel}","templated":true}]}}