{"id":3478,"date":"2022-06-14T15:59:32","date_gmt":"2022-06-14T15:59:32","guid":{"rendered":"https:\/\/animatarot.com\/?page_id=3478"},"modified":"2023-02-22T17:13:33","modified_gmt":"2023-02-22T17:13:33","slug":"politica-de-privacidade","status":"publish","type":"page","link":"https:\/\/animatarot.com\/pt-br\/politica-de-privacidade\/","title":{"rendered":"Pol\u00edtica de Privacidade"},"content":{"rendered":"<p>Esta Pol\u00edtica de Privacidade destina-se a inform\u00e1-lo, como visitante, utilizador ou leitor do site <strong>Revista AnimaTarot.<\/strong>, sobre como tratamos as suas informa\u00e7\u00f5es pessoais e sobre as v\u00e1rias escolhas que tem relativamente \u00e0 nossa utiliza\u00e7\u00e3o das suas informa\u00e7\u00f5es pessoais.<\/p>\n<p>De tempos a tempos, podemos modificar esta pol\u00edtica para incluir novos t\u00f3picos e reflectir altera\u00e7\u00f5es ao nosso s\u00edtio, as tecnologias que utilizamos que podem afectar a forma como tratamos a sua informa\u00e7\u00e3o, ou a nossa atitude em rela\u00e7\u00e3o \u00e0 utiliza\u00e7\u00e3o da informa\u00e7\u00e3o que recolhemos. Poderemos acrescentar tais altera\u00e7\u00f5es a esta pol\u00edtica de tempos a tempos, \u00e0 medida que ocorram, para que tenha sempre acesso a informa\u00e7\u00f5es sobre as informa\u00e7\u00f5es que recolhemos, a nossa utiliza\u00e7\u00e3o dessas informa\u00e7\u00f5es, e a nossa capacidade de divulgar ou transferir essas informa\u00e7\u00f5es para terceiros, caso existam.<\/p>\n<p>Esta pol\u00edtica aplica-se a todos os s\u00edtios propriedade e\/ou operados por Revista AnimaTarot. e\/ou empresas relacionadas e\/ou quaisquer outros s\u00edtios que possamos possuir ou operar agora ou no futuro. Esta pol\u00edtica n\u00e3o se aplica no caso de aceder a outros s\u00edtios que n\u00e3o sejam Revista AnimaTarot. s\u00edtios, incluindo onde tais s\u00edtios est\u00e3o ligados a Revista AnimaTarot. s\u00edtios atrav\u00e9s de links ou qualquer outro link.<\/p>\n<div id=\"ez-toc-container\" class=\"ez-toc-v2_0_82_1 counter-hierarchy ez-toc-counter ez-toc-light-blue ez-toc-container-direction\">\n<div class=\"ez-toc-title-container\">\n<p class=\"ez-toc-title\" style=\"cursor:inherit\">Indice de contenido<\/p>\n<span class=\"ez-toc-title-toggle\"><a href=\"#\" class=\"ez-toc-pull-right ez-toc-btn ez-toc-btn-xs ez-toc-btn-default ez-toc-toggle\" aria-label=\"Alternar tabela de conte\u00fado\"><span class=\"ez-toc-js-icon-con\"><span class=\"\"><span class=\"eztoc-hide\" style=\"display:none;\">Toggle<\/span><span class=\"ez-toc-icon-toggle-span\"><svg style=\"fill: #999;color:#999\" xmlns=\"http:\/\/www.w3.org\/2000\/svg\" class=\"list-377408\" width=\"20px\" height=\"20px\" viewBox=\"0 0 24 24\" fill=\"none\"><path d=\"M6 6H4v2h2V6zm14 0H8v2h12V6zM4 11h2v2H4v-2zm16 0H8v2h12v-2zM4 16h2v2H4v-2zm16 0H8v2h12v-2z\" fill=\"currentColor\"><\/path><\/svg><svg style=\"fill: #999;color:#999\" class=\"arrow-unsorted-368013\" xmlns=\"http:\/\/www.w3.org\/2000\/svg\" width=\"10px\" height=\"10px\" viewBox=\"0 0 24 24\" version=\"1.2\" baseProfile=\"tiny\"><path d=\"M18.2 9.3l-6.2-6.3-6.2 6.3c-.2.2-.3.4-.3.7s.1.5.3.7c.2.2.4.3.7.3h11c.3 0 .5-.1.7-.3.2-.2.3-.5.3-.7s-.1-.5-.3-.7zM5.8 14.7l6.2 6.3 6.2-6.3c.2-.2.3-.5.3-.7s-.1-.5-.3-.7c-.2-.2-.4-.3-.7-.3h-11c-.3 0-.5.1-.7.3-.2.2-.3.5-.3.7s.1.5.3.7z\"\/><\/svg><\/span><\/span><\/span><\/a><\/span><\/div>\n<nav><ul class='ez-toc-list ez-toc-list-level-1 ' ><li class='ez-toc-page-1 ez-toc-heading-level-3'><a class=\"ez-toc-link ez-toc-heading-1\" href=\"https:\/\/animatarot.com\/pt-br\/politica-de-privacidade\/#INFORMACOES_PESSOAIS\" >INFORMA\u00c7\u00d5ES PESSOAIS<\/a><\/li><li class='ez-toc-page-1 ez-toc-heading-level-3'><a class=\"ez-toc-link ez-toc-heading-2\" href=\"https:\/\/animatarot.com\/pt-br\/politica-de-privacidade\/#Proteccao_de_dados_pessoais\" >Protec\u00e7\u00e3o de dados pessoais<\/a><\/li><li class='ez-toc-page-1 ez-toc-heading-level-3'><a class=\"ez-toc-link ez-toc-heading-3\" href=\"https:\/\/animatarot.com\/pt-br\/politica-de-privacidade\/#Anti-spam_politica\" >Anti-spam pol\u00edtica<\/a><\/li><li class='ez-toc-page-1 ez-toc-heading-level-3'><a class=\"ez-toc-link ez-toc-heading-4\" href=\"https:\/\/animatarot.com\/pt-br\/politica-de-privacidade\/#Analytica\" >Analytica<\/a><\/li><li class='ez-toc-page-1 ez-toc-heading-level-3'><a class=\"ez-toc-link ez-toc-heading-5\" href=\"https:\/\/animatarot.com\/pt-br\/politica-de-privacidade\/#Politica_de_publicidade\" >Pol\u00edtica de publicidade<\/a><\/li><li class='ez-toc-page-1 ez-toc-heading-level-3'><a class=\"ez-toc-link ez-toc-heading-6\" href=\"https:\/\/animatarot.com\/pt-br\/politica-de-privacidade\/#Direitos_do_utilizador\" >Direitos do utilizador<\/a><\/li><li class='ez-toc-page-1 ez-toc-heading-level-3'><a class=\"ez-toc-link ez-toc-heading-7\" href=\"https:\/\/animatarot.com\/pt-br\/politica-de-privacidade\/#Propriedade_intelectual_e_utilizacao_do_conteudo\" >Propriedade intelectual e utiliza\u00e7\u00e3o do conte\u00fado<\/a><\/li><li class='ez-toc-page-1 ez-toc-heading-level-3'><a class=\"ez-toc-link ez-toc-heading-8\" href=\"https:\/\/animatarot.com\/pt-br\/politica-de-privacidade\/#Ligacoes_de_afiliacao\" >Liga\u00e7\u00f5es de afilia\u00e7\u00e3o<\/a><\/li><li class='ez-toc-page-1 ez-toc-heading-level-3'><a class=\"ez-toc-link ez-toc-heading-9\" href=\"https:\/\/animatarot.com\/pt-br\/politica-de-privacidade\/#JURISDICAO_E_LEI_APLICAVEL\" >JURISDI\u00c7\u00c3O E LEI APLIC\u00c1VEL<\/a><\/li><\/ul><\/nav><\/div>\n<h3><span class=\"ez-toc-section\" id=\"INFORMACOES_PESSOAIS\"><\/span>INFORMA\u00c7\u00d5ES PESSOAIS<span class=\"ez-toc-section-end\"><\/span><\/h3>\n<p>.<br \/>\nTodos os dados e informa\u00e7\u00f5es pessoais fornecidos pelos utilizadores ou leitores ao entrar no s\u00edtio <strong>Revista AnimaTarot.<\/strong>, quer para efeitos de participa\u00e7\u00e3o em promo\u00e7\u00f5es, jogos, eventos ou por qualquer outro motivo, est\u00e3o protegidos e sujeitos aos termos e condi\u00e7\u00f5es desta pol\u00edtica de privacidade.<\/p>\n<p>Os dados pessoais introduzidos voluntariamente pelos utilizadores e contidos nas informa\u00e7\u00f5es confidenciais s\u00e3o utilizados para fornecer ao utilizador um servi\u00e7o e conte\u00fado mais personalizados de acordo com as suas necessidades, gostos e interesses e, quando apropriado, oferecendo publicidade selectiva ou conte\u00fados que possam ser de maior interesse para eles. <strong>Revista AnimaTarot.<\/strong> s\u00f3 fornecer\u00e1 este servi\u00e7o com o consentimento do utilizador.<\/p>\n<p>O registo dos dados d\u00e1 ao utilizador a possibilidade de escolher continuar a receber informa\u00e7\u00e3o de <strong>Revista AnimaTarot.<\/strong>. Atrav\u00e9s desta aceita\u00e7\u00e3o, os utilizadores ser\u00e3o contactados para comunicar: promo\u00e7\u00f5es, eventos, novos jogos, e outras not\u00edcias do site <strong>Revista AnimaTarot.<\/strong> em geral. No nosso site poder\u00e1 ser-lhe solicitada informa\u00e7\u00e3o pessoal de modo a facilitar a sua utiliza\u00e7\u00e3o, ou participa\u00e7\u00e3o nos nossos concursos, jogos, inqu\u00e9ritos, f\u00f3runs, subscri\u00e7\u00f5es, e quaisquer outras actividades, servi\u00e7os ou recursos que possamos fornecer em qualquer <strong>Revista AnimaTarot.<\/strong> site. Em todos os casos, s\u00f3 poderemos recolher e armazenar a sua informa\u00e7\u00e3o pessoal se a fornecer voluntariamente.<\/p>\n<p>Enquanto Revista AnimaTarot. n\u00e3o garante que a informa\u00e7\u00e3o introduzida no seu s\u00edtio ou transmitida atrav\u00e9s do seu servi\u00e7o seja 100% segura, f\u00e1-lo por sua conta e risco.<\/p>\n<h3><span class=\"ez-toc-section\" id=\"Proteccao_de_dados_pessoais\"><\/span>Protec\u00e7\u00e3o de dados pessoais<span class=\"ez-toc-section-end\"><\/span><\/h3>\n<p>O fornecedor cumpre os regulamentos internacionais sobre a protec\u00e7\u00e3o de dados pessoais, e garante o pleno cumprimento das obriga\u00e7\u00f5es e assegura a correcta utiliza\u00e7\u00e3o e processamento dos dados pessoais do utilizador.<\/p>\n<p>O propriet\u00e1rio dos dados pessoais pode exercer os direitos de acesso, rectifica\u00e7\u00e3o e\/ou elimina\u00e7\u00e3o dos seus dados em conformidade com as disposi\u00e7\u00f5es da lei 25.326, enviando uma mensagem de correio electr\u00f3nico no formul\u00e1rio de contacto. O titular pode, a qualquer momento, solicitar a retirada ou o bloqueio, no todo ou em parte, do seu nome da base de dados referida no presente ponto. O titular dos dados pessoais tem o direito de exercer o direito de acesso gratuito a esses dados em intervalos n\u00e3o inferiores a seis meses, a menos que um interesse leg\u00edtimo nesse sentido seja acreditado de acordo com o disposto no artigo 14, n.\u00ba 3 da Lei n.\u00ba 25.326. A Direc\u00e7\u00e3o Nacional para a Protec\u00e7\u00e3o de Dados Pessoais, o Organismo de Controlo da Lei n.\u00ba 25.326, \u00e9 respons\u00e1vel pelo tratamento das queixas e reclama\u00e7\u00f5es apresentadas em rela\u00e7\u00e3o ao incumprimento das regras sobre a protec\u00e7\u00e3o de dados pessoais.<\/p>\n<p>Em cumprimento das nossas obriga\u00e7\u00f5es legais, as suas informa\u00e7\u00f5es pessoais e\/ou quaisquer outras informa\u00e7\u00f5es espec\u00edficas sobre si que possamos intencional ou acidentalmente aceder e\/ou a sua conta podem ser divulgadas a terceiros para efeitos de cumprimento de procedimentos legais, tais como mandado de busca, intima\u00e7\u00e3o, ordem judicial, ordem judicial, ou a pedido das autoridades administrativas que possam ser consideradas v\u00e1lidas ao abrigo das leis aplic\u00e1veis. As suas informa\u00e7\u00f5es pessoais tamb\u00e9m podem ser divulgadas em casos que envolvam uma tentativa de viola\u00e7\u00e3o da seguran\u00e7a do s\u00edtio Revista AnimaTarot, ou perigo f\u00edsico ou amea\u00e7a contra si, contra n\u00f3s ou contra terceiros.<\/p>\n<h3><span class=\"ez-toc-section\" id=\"Anti-spam_politica\"><\/span>Anti-spam pol\u00edtica<span class=\"ez-toc-section-end\"><\/span><\/h3>\n<p>O fornecedor declara que \u00e9 completamente contra o envio de comunica\u00e7\u00f5es comerciais n\u00e3o solicitadas e qualquer tipo de conduta ou manifesta\u00e7\u00e3o conhecida como &#8220;spam&#8221;, e declara tamb\u00e9m que est\u00e1 empenhado na luta contra este tipo de pr\u00e1tica abusiva.<br \/>\nPor conseguinte, o fornecedor garante ao utilizador que em nenhuma circunst\u00e2ncia os dados pessoais recolhidos no website ser\u00e3o dados, partilhados, transferidos ou vendidos a terceiros.<\/p>\n<p>No caso de um utilizador ainda receber comunica\u00e7\u00f5es deste website sem se ter registado, ou sem ter dado o seu consentimento expresso para tal registo, pode cancelar a sua inscri\u00e7\u00e3o nas liga\u00e7\u00f5es fornecidas na pr\u00f3pria comunica\u00e7\u00e3o.<\/p>\n<p>Al\u00e9m disso, o utilizador pode contactar-nos atrav\u00e9s do formul\u00e1rio de contacto mantido no website, tanto para comunicar o que aconteceu como para solicitar a remo\u00e7\u00e3o imediata dos seus dados do nosso sistema.<\/p>\n<h3><span class=\"ez-toc-section\" id=\"Analytica\"><\/span>Analytica<span class=\"ez-toc-section-end\"><\/span><\/h3>\n<p>O website Revista AnimaTarot pode, atrav\u00e9s da utiliza\u00e7\u00e3o da tecnologia Cookie e\/ou do rastreio IP, aceder a algumas informa\u00e7\u00f5es n\u00e3o espec\u00edficas sobre si, que podem consistir em qualquer tipo de informa\u00e7\u00e3o que n\u00e3o seja informa\u00e7\u00e3o pessoal. Desta forma, podemos descobrir quais as \u00e1reas dos nossos s\u00edtios preferidos pelos nossos utilizadores, quais as \u00e1reas que precisam de ser melhoradas e qual a tecnologia que est\u00e1 a ser utilizada de modo a melhorar continuamente o nosso s\u00edtio.<\/p>\n<p>Google Tag Manager e Google Analytics \u00e9 um servi\u00e7o de an\u00e1lise de dados estat\u00edsticos fornecido pela Google (pol\u00edtica de privacidade). losvinos.com.ar utiliza este servi\u00e7o para acompanhar as estat\u00edsticas de utiliza\u00e7\u00e3o.<br \/>\nO Google Analytics utiliza cookies para ajudar o website a analisar dados estat\u00edsticos sobre a utiliza\u00e7\u00e3o do website (n\u00famero total de visitas, a maioria das p\u00e1ginas visualizadas, etc.). A informa\u00e7\u00e3o gerada pelo cookie (incluindo o seu endere\u00e7o IP) ser\u00e1 transmitida para e armazenada pelo Google em servidores nos Estados Unidos.<\/p>\n<p>A Google utilizar\u00e1 esta informa\u00e7\u00e3o em nosso nome para gerar informa\u00e7\u00e3o estat\u00edstica sobre a utiliza\u00e7\u00e3o do losvinos.com.ar, a Google n\u00e3o associar\u00e1 o seu endere\u00e7o IP a quaisquer outros dados na posse da Google. A Google poder\u00e1 tamb\u00e9m transferir estas informa\u00e7\u00f5es para terceiros quando tal for exigido por lei, ou quando tais terceiros processarem as informa\u00e7\u00f5es em nome da Google.<\/p>\n<p>Pode recusar o tratamento dos dados ou informa\u00e7\u00f5es, rejeitando a utiliza\u00e7\u00e3o de cookies, seleccionando as defini\u00e7\u00f5es apropriadas no seu navegador, contudo, para o fazer, limitar\u00e1 a funcionalidade total do losvinos.com.ar. Ao utilizar este website, o utilizador consente o processamento de dados pelo Google da forma e para os fins acima expostos.<\/p>\n<p><strong>Revista AnimaTarot<\/strong> pode analisar estes dados para obter tend\u00eancias e estat\u00edsticas. As informa\u00e7\u00f5es de perfil ser\u00e3o utilizadas para criar conte\u00fados, servi\u00e7os e publicidade personalizada no s\u00edtio. Al\u00e9m disso Revista AnimaTarot poder\u00e1 utilizar o seu perfil para gerar relat\u00f3rios adicionais e estudos de mercado.<\/p>\n<h3><span class=\"ez-toc-section\" id=\"Politica_de_publicidade\"><\/span>Pol\u00edtica de publicidade<span class=\"ez-toc-section-end\"><\/span><\/h3>\n<p>.<br \/>\nEzoic e Google, como fornecedor parceiro de losvinos.com.ar, utilizam cookies para veicular an\u00fancios neste s\u00edtio web. O utilizador pode desactivar a utiliza\u00e7\u00e3o destes cookies, seguindo as instru\u00e7\u00f5es na sec\u00e7\u00e3o de publicidade da pol\u00edtica de privacidade da Google.<\/p>\n<p>A Google utiliza parceiros de publicidade para veicular an\u00fancios quando visita o nosso website.<\/p>\n<p>O nosso website cont\u00e9m an\u00fancios em banners, toda a publicidade \u00e9 distinguida pela palavra &#8220;Publicidade&#8221; e\/ou &#8220;An\u00fancios Google&#8221;.<\/p>\n<p>Estas empresas podem utilizar as informa\u00e7\u00f5es que recolhem das suas visitas a este e outros websites (n\u00e3o incluindo o seu nome, endere\u00e7o, endere\u00e7o de e-mail ou n\u00famero de telefone) para lhe fornecerem an\u00fancios sobre produtos e servi\u00e7os de seu interesse. Se desejar mais informa\u00e7\u00f5es sobre esta pr\u00e1tica e conhecer as suas escolhas sobre n\u00e3o ter estas informa\u00e7\u00f5es utilizadas por estas empresas, queira ver o link acima.<\/p>\n<p>Consentimento para o tratamento dos seus dados pessoais<br \/>\nNo \u00e2mbito das suas actividades, losvinos.com.ar tem a possibilidade de registar os utilizadores para enviar comunica\u00e7\u00f5es por e-mail, fazer coment\u00e1rios no blogue e enviar mensagens atrav\u00e9s do formul\u00e1rio de contacto.<br \/>\nO utilizador, atrav\u00e9s dos actos de subscri\u00e7\u00e3o do blogue, dos coment\u00e1rios de realiza\u00e7\u00e3o ou do formul\u00e1rio de contacto, dar\u00e1 o seu consentimento expresso ao tratamento do pessoal fornecido.<br \/>\nOs dados pessoais solicitados nestas actividades, ser\u00e3o incorporados num ficheiro cuja finalidade \u00e9 a comunica\u00e7\u00e3o de not\u00edcias relacionadas com o website losvinos.com.ar actuando como respons\u00e1vel pelo ficheiro que o fornecedor. Os campos marcados com um asterisco devem ser preenchidos, e ser\u00e1 imposs\u00edvel cumprir a finalidade expressa se estes dados n\u00e3o forem fornecidos. \u00c9 tamb\u00e9m informado da possibilidade de exercer os direitos indicados na sec\u00e7\u00e3o sobre direitos de utilizador.<\/p>\n<h3><span class=\"ez-toc-section\" id=\"Direitos_do_utilizador\"><\/span>Direitos do utilizador<span class=\"ez-toc-section-end\"><\/span><\/h3>\n<p>.<br \/>\nDe acordo com o estabelecido, o utilizador \u00e9 informado de que a finalidade exclusiva da base de dados de registo \u00e9 o envio de informa\u00e7\u00f5es sobre not\u00edcias relacionadas com o website losvinos.com.ar. Apenas os propriet\u00e1rios ter\u00e3o acesso aos seus dados, e em nenhuma circunst\u00e2ncia estes dados ser\u00e3o atribu\u00eddos, partilhados, transferidos ou vendidos a terceiros.<\/p>\n<p>Em conformidade com as disposi\u00e7\u00f5es do regulamento, o utilizador pode, a qualquer momento, exercer os seus direitos de acesso, rectifica\u00e7\u00e3o, cancelamento e oposi\u00e7\u00e3o ao fornecedor.<\/p>\n<p>A fim de facilitar o exerc\u00edcio destes direitos, \u00e9 fornecida uma liga\u00e7\u00e3o em todas as comunica\u00e7\u00f5es para solicitar o cancelamento, o que resultar\u00e1 na remo\u00e7\u00e3o imediata dos dados pessoais do utilizador da nossa base de dados.<\/p>\n<h3><span class=\"ez-toc-section\" id=\"Propriedade_intelectual_e_utilizacao_do_conteudo\"><\/span>Propriedade intelectual e utiliza\u00e7\u00e3o do conte\u00fado<span class=\"ez-toc-section-end\"><\/span><\/h3>\n<p>.<br \/>\nO website losvinos.com.ar, incluindo mas n\u00e3o limitado \u00e0 programa\u00e7\u00e3o, edi\u00e7\u00e3o, compila\u00e7\u00e3o e outros elementos necess\u00e1rios ao seu funcionamento, desenhos, log\u00f3tipos, texto e\/ou gr\u00e1ficos s\u00e3o propriedade do fornecedor ou se o utilizador tiver uma licen\u00e7a ou autoriza\u00e7\u00e3o expressa dos autores.<\/p>\n<p>Para fazer quaisquer coment\u00e1rios sobre poss\u00edveis viola\u00e7\u00f5es de direitos de propriedade intelectual ou industrial, bem como qualquer conte\u00fado do s\u00edtio web, pode faz\u00ea-lo atrav\u00e9s do formul\u00e1rio de contacto mantido no s\u00edtio web.<\/p>\n<h3><span class=\"ez-toc-section\" id=\"Ligacoes_de_afiliacao\"><\/span>Liga\u00e7\u00f5es de afilia\u00e7\u00e3o<span class=\"ez-toc-section-end\"><\/span><\/h3>\n<p>.<br \/>\nanimatarot.com utiliza ocasionalmente links de afilia\u00e7\u00e3o a produtos e servi\u00e7os de marcas que tenham estabelecido um programa de afilia\u00e7\u00e3o. Estas liga\u00e7\u00f5es s\u00e3o utilizadas exclusivamente ap\u00f3s a utiliza\u00e7\u00e3o destes produtos e servi\u00e7os, ou ap\u00f3s a realiza\u00e7\u00e3o de testes que nos permitam avaliar a sua conformidade com um n\u00edvel de qualidade adequado.<\/p>\n<p>O fornecedor compromete-se a n\u00e3o incluir liga\u00e7\u00f5es arbitr\u00e1rias de afiliados a produtos que n\u00e3o cumpram as condi\u00e7\u00f5es acima descritas, no entendimento de que este tipo de pr\u00e1tica seria altamente contraproducente para a reputa\u00e7\u00e3o do website que os promove.<\/p>\n<p>\u00c9 de notar que as marcas acima mencionadas n\u00e3o t\u00eam qualquer controlo sobre o conte\u00fado ou pol\u00edticas que ocorrem na publica\u00e7\u00e3o e s\u00e3o o resultado da opini\u00e3o ou recomenda\u00e7\u00f5es dos leitores, utilizadores, bem como da experi\u00eancia pessoal ou opini\u00e3o dos jornalistas.<\/p>\n<p>As opini\u00f5es ou recomenda\u00e7\u00f5es dos leitores, utilizadores, bem como a experi\u00eancia pessoal ou opini\u00f5es dos jornalistas.<\/p>\n<h3><span class=\"ez-toc-section\" id=\"JURISDICAO_E_LEI_APLICAVEL\"><\/span>JURISDI\u00c7\u00c3O E LEI APLIC\u00c1VEL<span class=\"ez-toc-section-end\"><\/span><\/h3>\n<p>.<br \/>\nLei aplic\u00e1vel: Qualquer interpreta\u00e7\u00e3o e\/ou conflito relacionado com a totalidade ou parte destas Pol\u00edticas de Privacidade, ou com o cumprimento das mesmas por parte de Revista AnimaTarot, dever\u00e1 ser resolvido pelos tribunais competentes da cidade de Buenos Aires, e o utilizador ou visitante do website Revista AnimaTarot renuncia ao direito a qualquer outra jurisdi\u00e7\u00e3o que possa ser competente.<\/p>\n<p>Do mesmo modo, para os fins acima expostos, as leis da Rep\u00fablica da Argentina ser\u00e3o exclusivamente aplic\u00e1veis, com exclus\u00e3o de qualquer regra do seu sistema de direito internacional e\/ou qualquer outra regra que se refira \u00e0 aplica\u00e7\u00e3o de qualquer lei estrangeira, o utilizador ou visitante do s\u00edtio Revista AnimaTarot renunciando expressamente a esta condi\u00e7\u00e3o como condi\u00e7\u00e3o excluindo o acesso ao s\u00edtio Revista AnimaTarot. Se utilizar este site noutro pa\u00eds fora da Rep\u00fablica da Argentina, \u00e9 respons\u00e1vel pelo cumprimento das leis locais aplic\u00e1veis. <strong>Revista AnimaTarot<\/strong> n\u00e3o faz qualquer representa\u00e7\u00e3o de que os materiais contidos neste site s\u00e3o apropriados para pa\u00edses fora da Rep\u00fablica da Argentina.<\/p>\n","protected":false},"excerpt":{"rendered":"<p>Esta Pol\u00edtica de Privacidade destina-se a inform\u00e1-lo, como visitante, utilizador ou leitor do site Revista AnimaTarot., sobre como tratamos as suas informa\u00e7\u00f5es pessoais e sobre as v\u00e1rias escolhas que tem relativamente \u00e0 nossa utiliza\u00e7\u00e3o das suas informa\u00e7\u00f5es pessoais. De tempos a tempos, podemos modificar esta pol\u00edtica para incluir novos t\u00f3picos e reflectir altera\u00e7\u00f5es ao nosso&hellip;&nbsp;<a href=\"https:\/\/animatarot.com\/pt-br\/politica-de-privacidade\/\" rel=\"bookmark\">Continue a ler &raquo;<span class=\"screen-reader-text\">Pol\u00edtica de Privacidade<\/span><\/a><\/p>\n","protected":false},"author":2,"featured_media":0,"parent":0,"menu_order":0,"comment_status":"closed","ping_status":"closed","template":"","meta":{"neve_meta_sidebar":"","neve_meta_container":"","neve_meta_enable_content_width":"off","neve_meta_content_width":100,"neve_meta_title_alignment":"","neve_meta_author_avatar":"","neve_post_elements_order":"","neve_meta_disable_header":"","neve_meta_disable_footer":"","neve_meta_disable_title":"","footnotes":""},"class_list":["post-3478","page","type-page","status-publish","hentry"],"_links":{"self":[{"href":"https:\/\/animatarot.com\/pt-br\/wp-json\/wp\/v2\/pages\/3478","targetHints":{"allow":["GET"]}}],"collection":[{"href":"https:\/\/animatarot.com\/pt-br\/wp-json\/wp\/v2\/pages"}],"about":[{"href":"https:\/\/animatarot.com\/pt-br\/wp-json\/wp\/v2\/types\/page"}],"author":[{"embeddable":true,"href":"https:\/\/animatarot.com\/pt-br\/wp-json\/wp\/v2\/users\/2"}],"replies":[{"embeddable":true,"href":"https:\/\/animatarot.com\/pt-br\/wp-json\/wp\/v2\/comments?post=3478"}],"version-history":[{"count":2,"href":"https:\/\/animatarot.com\/pt-br\/wp-json\/wp\/v2\/pages\/3478\/revisions"}],"predecessor-version":[{"id":3484,"href":"https:\/\/animatarot.com\/pt-br\/wp-json\/wp\/v2\/pages\/3478\/revisions\/3484"}],"wp:attachment":[{"href":"https:\/\/animatarot.com\/pt-br\/wp-json\/wp\/v2\/media?parent=3478"}],"curies":[{"name":"wp","href":"https:\/\/api.w.org\/{rel}","templated":true}]}}